{"id":3044,"date":"2018-02-08T10:44:56","date_gmt":"2018-02-08T09:44:56","guid":{"rendered":"http:\/\/www.agit.it\/waterjet\/"},"modified":"2024-05-15T16:30:42","modified_gmt":"2024-05-15T14:30:42","slug":"waterjet","status":"publish","type":"page","link":"https:\/\/www.agit.it\/en\/waterjet\/","title":{"rendered":"Waterjet"},"content":{"rendered":"<p>[et_pb_section fb_built=&#8221;1&#8243; _builder_version=&#8221;4.18.0&#8243; _module_preset=&#8221;default&#8221; custom_padding=&#8221;0px||||false|false&#8221; locked=&#8221;off&#8221; global_colors_info=&#8221;{}&#8221; theme_builder_area=&#8221;post_content&#8221;][et_pb_row _builder_version=&#8221;4.18.0&#8243; _module_preset=&#8221;default&#8221; width=&#8221;100%&#8221; custom_padding=&#8221;0px||||false|false&#8221; global_colors_info=&#8221;{}&#8221; theme_builder_area=&#8221;post_content&#8221;][et_pb_column type=&#8221;4_4&#8243; _builder_version=&#8221;4.18.0&#8243; _module_preset=&#8221;default&#8221; global_colors_info=&#8221;{}&#8221; theme_builder_area=&#8221;post_content&#8221;][et_pb_text _builder_version=&#8221;4.20.0&#8243; background_size=&#8221;initial&#8221; background_position=&#8221;top_left&#8221; background_repeat=&#8221;repeat&#8221; global_colors_info=&#8221;{}&#8221; theme_builder_area=&#8221;post_content&#8221;]<\/p>\n<p>AGIT has been using Waterjet technology since the early nineties, having been one of the first companies in Italy to introduce this powerful and precise system, which uses water to solve cutting problems on the most diverse materials, in workshop processes and in cutting of gaskets.<br \/>The innovative technology of Waterjet cutting, or water cutting, can be applied to the entire range of materials processed by AGIT. Choosing to apply it for some processes and not for others generally depends on evaluations of the project&#8217;s economic cost and technical opportunity, guaranteeing the most precise processing technology compared to those provided by other traditional methodologies. The AGIT technical office defines for each production request if there are the conditions to use waterjet cutting and consequently the workshop is equipped for this type of processing.<br \/>The strengths of the Waterjet system are the use on practically any material, the possibility of making even large pieces, the guarantee of a very high quality standard and a great speed of execution, avoiding the use of expensive equipment and further processing characteristics that often make this technology the most appropriate for just-in-time supplies or sampling of small series of products.<\/p>\n<h3>HOW A WATERJET MACHINE WORKS<\/h3>\n<p>The principle on which Waterjet cutting is based is that a flow of water at very high pressure is conveyed through a calibrated orifice, producing a coherent jet at very high speed. This jet, with or without the addition of abrasive material depending on the raw material to be cut, penetrates this and separates the parts with a mechanism that combines erosion and abrasion.<\/p>\n<p>The use of water jet cutting, as mentioned, can be applied to all materials, but it is the experience of the AGIT technical office which, faced with each request received, allows us to evaluate whether there are the technical and economic conditions to use water jet cutting, avoiding this process in the few cases where it may prove contraindicated.<\/p>\n<p>[\/et_pb_text][\/et_pb_column][\/et_pb_row][\/et_pb_section]<\/p>\n","protected":false},"excerpt":{"rendered":"<p>AGIT has been using Waterjet technology since the early nineties, having been one of the first companies in Italy to introduce this powerful and precise system, which uses water to solve cutting problems on the most diverse materials, in workshop processes and in cutting of gaskets.The innovative technology of Waterjet cutting, or water cutting, can [&hellip;]<\/p>\n","protected":false},"author":1,"featured_media":3441,"parent":0,"menu_order":0,"comment_status":"closed","ping_status":"closed","template":"","meta":{"_et_pb_use_builder":"on","_et_pb_old_content":"<div class=\"container\">AGIT sfrutta la tecnologia <strong>Waterjet<\/strong> sin dai primi anni Novanta, essendo stata una delle prime realt\u00e0 in Italia a introdurre questo sistema potente e preciso, che utilizza l\u2019acqua per risolvere i problemi di taglio sui pi\u00f9 diversi materiali, nelle lavorazioni di officina e nel taglio di guarnizioni.\r\nL\u2019innovativa tecnologia del <strong>Waterjet cutting<\/strong>, o taglio ad acqua, si pu\u00f2 applicare a tutta la gamma di materiali trattati da AGIT. Scegliere di applicarla per alcune lavorazioni e non per altre dipende in generale da valutazioni di costo economico del progetto e di opportunit\u00e0 tecnica, garantendo la tecnologia lavorazioni pi\u00f9 precise rispetto a quelle fornite da altre metodologie tradizionali. L\u2019ufficio tecnico AGIT definisce per ogni richiesta produttiva se ci sono le condizioni per utilizzare il <strong>taglio ad acqua<\/strong> e conseguentemente l\u2019officina si attrezza per questo tipo di lavorazione.\r\nPunti di forza del sistema Waterjet sono l\u2019impiego praticamente su ogni materiale, la possibilit\u00e0 di eseguire pezzi anche di grandi dimensioni, la garanzia di uno standard di qualit\u00e0 molto elevato e una grande rapidit\u00e0 di esecuzione, evitando il ricorso a costose attrezzature e ulteriori lavorazioni, caratteristiche che fanno di questa tecnologia spesso la pi\u00f9 appropriata per forniture just-in-time o campionature di piccole serie di prodotti.\r\n<h3>COME FUNZIONA UNA MACCHINA WATERJET<\/h3>\r\nIl principio su cui si basa il Waterjet cutting \u00e8 quello per cui un flusso di acqua ad altissima pressione viene convogliato attraverso un orifizio calibrato, producendo un getto coerente ad altissima velocit\u00e0. Questo getto, addizionato o meno di materiale abrasivo a seconda della materia prima da tagliare, penetra in questa e separa le parti con un meccanismo che combina erosione e abrasione.\r\n\r\nL\u2019utilizzo del <strong>taglio a idrogetto<\/strong>, come detto, pu\u00f2 essere applicato a tutti i materiali, ma \u00e8 l\u2019esperienza dell\u2019ufficio tecnico di AGIT che di fronte ad ogni richiesta ricevuta permette di valutare se ci sono le condizioni tecniche ed economiche per utilizzare il <strong>taglio ad acqua<\/strong>, evitando questa lavorazione nei pochi casi in cui essa pu\u00f2 rivelarsi controindicata.\r\n\r\n<\/div>","_et_gb_content_width":""},"yoast_head":"<!-- This site is optimized with the Yoast SEO plugin v20.6 - https:\/\/yoast.com\/wordpress\/plugins\/seo\/ -->\n<title>Cutting Gaskets Waterjet | AGIT<\/title>\n<meta name=\"description\" content=\"Third party Waterjet processing. AGIT makes use of the innovative water jet cutting technology for the production of gaskets on behalf of third parties.\" \/>\n<meta name=\"robots\" content=\"index, follow, max-snippet:-1, max-image-preview:large, max-video-preview:-1\" \/>\n<link rel=\"canonical\" href=\"https:\/\/www.agit.it\/en\/waterjet\/\" \/>\n<meta property=\"og:locale\" content=\"en_US\" \/>\n<meta property=\"og:type\" content=\"article\" \/>\n<meta property=\"og:title\" content=\"Cutting Gaskets Waterjet | AGIT\" \/>\n<meta property=\"og:description\" content=\"Third party Waterjet processing. AGIT makes use of the innovative water jet cutting technology for the production of gaskets on behalf of third parties.\" \/>\n<meta property=\"og:url\" content=\"https:\/\/www.agit.it\/en\/waterjet\/\" \/>\n<meta property=\"og:site_name\" content=\"AGIT SRL DI BROLO RAG. LUIGI &amp; C.\" \/>\n<meta property=\"article:modified_time\" content=\"2024-05-15T14:30:42+00:00\" \/>\n<meta property=\"og:image\" content=\"http:\/\/www.agit.it\/wp-content\/uploads\/2023\/03\/fustellatura.webp\" \/>\n\t<meta property=\"og:image:width\" content=\"677\" \/>\n\t<meta property=\"og:image:height\" content=\"800\" \/>\n\t<meta property=\"og:image:type\" content=\"image\/webp\" \/>\n<meta name=\"twitter:card\" content=\"summary_large_image\" \/>\n<meta name=\"twitter:label1\" content=\"Est. reading time\" \/>\n\t<meta name=\"twitter:data1\" content=\"2 minutes\" \/>\n<!-- \/ Yoast SEO plugin. -->","yoast_head_json":{"title":"Cutting Gaskets Waterjet | AGIT","description":"Third party Waterjet processing. AGIT makes use of the innovative water jet cutting technology for the production of gaskets on behalf of third parties.","robots":{"index":"index","follow":"follow","max-snippet":"max-snippet:-1","max-image-preview":"max-image-preview:large","max-video-preview":"max-video-preview:-1"},"canonical":"https:\/\/www.agit.it\/en\/waterjet\/","og_locale":"en_US","og_type":"article","og_title":"Cutting Gaskets Waterjet | AGIT","og_description":"Third party Waterjet processing. AGIT makes use of the innovative water jet cutting technology for the production of gaskets on behalf of third parties.","og_url":"https:\/\/www.agit.it\/en\/waterjet\/","og_site_name":"AGIT SRL DI BROLO RAG. LUIGI &amp; C.","article_modified_time":"2024-05-15T14:30:42+00:00","og_image":[{"width":677,"height":800,"url":"http:\/\/www.agit.it\/wp-content\/uploads\/2023\/03\/fustellatura.webp","type":"image\/webp"}],"twitter_card":"summary_large_image","twitter_misc":{"Est. reading time":"2 minutes"},"schema":{"@context":"https:\/\/schema.org","@graph":[{"@type":"WebPage","@id":"https:\/\/www.agit.it\/en\/waterjet\/","url":"https:\/\/www.agit.it\/en\/waterjet\/","name":"Cutting Gaskets Waterjet | AGIT","isPartOf":{"@id":"https:\/\/www.agit.it\/en\/#website"},"datePublished":"2018-02-08T09:44:56+00:00","dateModified":"2024-05-15T14:30:42+00:00","description":"Third party Waterjet processing. AGIT makes use of the innovative water jet cutting technology for the production of gaskets on behalf of third parties.","breadcrumb":{"@id":"https:\/\/www.agit.it\/en\/waterjet\/#breadcrumb"},"inLanguage":"en-US","potentialAction":[{"@type":"ReadAction","target":["https:\/\/www.agit.it\/en\/waterjet\/"]}]},{"@type":"BreadcrumbList","@id":"https:\/\/www.agit.it\/en\/waterjet\/#breadcrumb","itemListElement":[{"@type":"ListItem","position":1,"name":"Home","item":"https:\/\/www.agit.it\/en\/"},{"@type":"ListItem","position":2,"name":"Waterjet"}]},{"@type":"WebSite","@id":"https:\/\/www.agit.it\/en\/#website","url":"https:\/\/www.agit.it\/en\/","name":"AGIT SRL DI BROLO RAG. LUIGI &amp; C.","description":"","potentialAction":[{"@type":"SearchAction","target":{"@type":"EntryPoint","urlTemplate":"https:\/\/www.agit.it\/en\/?s={search_term_string}"},"query-input":"required name=search_term_string"}],"inLanguage":"en-US"}]}},"_links":{"self":[{"href":"https:\/\/www.agit.it\/en\/wp-json\/wp\/v2\/pages\/3044"}],"collection":[{"href":"https:\/\/www.agit.it\/en\/wp-json\/wp\/v2\/pages"}],"about":[{"href":"https:\/\/www.agit.it\/en\/wp-json\/wp\/v2\/types\/page"}],"author":[{"embeddable":true,"href":"https:\/\/www.agit.it\/en\/wp-json\/wp\/v2\/users\/1"}],"replies":[{"embeddable":true,"href":"https:\/\/www.agit.it\/en\/wp-json\/wp\/v2\/comments?post=3044"}],"version-history":[{"count":5,"href":"https:\/\/www.agit.it\/en\/wp-json\/wp\/v2\/pages\/3044\/revisions"}],"predecessor-version":[{"id":4893,"href":"https:\/\/www.agit.it\/en\/wp-json\/wp\/v2\/pages\/3044\/revisions\/4893"}],"wp:featuredmedia":[{"embeddable":true,"href":"https:\/\/www.agit.it\/en\/wp-json\/wp\/v2\/media\/3441"}],"wp:attachment":[{"href":"https:\/\/www.agit.it\/en\/wp-json\/wp\/v2\/media?parent=3044"}],"curies":[{"name":"wp","href":"https:\/\/api.w.org\/{rel}","templated":true}]}}