{"id":3252,"date":"2020-11-27T13:54:04","date_gmt":"2020-11-27T12:54:04","guid":{"rendered":"http:\/\/www.agit.it\/guarnizioni-in-gomma\/"},"modified":"2023-03-03T15:28:25","modified_gmt":"2023-03-03T14:28:25","slug":"rubber-gaskets","status":"publish","type":"page","link":"https:\/\/www.agit.it\/en\/rubber-gaskets\/","title":{"rendered":"Rubber gaskets"},"content":{"rendered":"<p>[et_pb_section fb_built=&#8221;1&#8243; _builder_version=&#8221;4.18.0&#8243; _module_preset=&#8221;default&#8221; custom_padding=&#8221;0px||||false|false&#8221; locked=&#8221;off&#8221; global_colors_info=&#8221;{}&#8221;][et_pb_row _builder_version=&#8221;4.18.0&#8243; _module_preset=&#8221;default&#8221; width=&#8221;100%&#8221; custom_padding=&#8221;0px||||false|false&#8221; global_colors_info=&#8221;{}&#8221;][et_pb_column type=&#8221;4_4&#8243; _builder_version=&#8221;4.18.0&#8243; _module_preset=&#8221;default&#8221; global_colors_info=&#8221;{}&#8221;][et_pb_text _builder_version=&#8221;4.20.0&#8243; background_size=&#8221;initial&#8221; background_position=&#8221;top_left&#8221; background_repeat=&#8221;repeat&#8221; hover_enabled=&#8221;0&#8243; global_colors_info=&#8221;{}&#8221; sticky_enabled=&#8221;0&#8243;]<\/p>\n<p>AGIT has been manufacturing rubber gaskets for over 50 years and is one of the reference industries in Milan and throughout Lombardy. The gaskets are very important elements in many products and being able to count on the highest quality of the materials and the finished object is very important in this case. The company produces a very large number of different types of gaskets in rubber, silicone, spiral wound gaskets and also special liquid gaskets, which are poured into the seat and solidify quickly, guaranteeing perfect adherence. Among the products made by AGIT there are also rubber lip seals, plastic washers and silicone rings. Washers, discs, rings and other shaped products in different materials, such as metal, rubber, leather, plastic and specific compounds, are made and cut with special techniques that always guarantee the highest quality. AGIT also offers its customers the possibility of making plastic washers, rubber lip seals and other customized products based on specific needs both in terms of shapes and sizes and materials.<\/p>\n<p>&nbsp;<\/p>\n<h2>Rubber lip seals and plastic washers<\/h2>\n<p>Rubber lip seals are used in many different types of products, typically requiring an effective seal with moving parts or with varying pressure. The presence of the sealing lips in the internal or external diameter makes it possible to improve the effectiveness of the gaskets in variable conditions. Lip seals also significantly reduce friction, in the case of moving parts, and material abrasion. Among the flagship products of the extensive AGIT catalog there are also plastic washers of all shapes and sizes. The latter are usually used as insulators in the production of commercial vehicles, for the preparation of industrial bodywork and in various automotive sectors. Also in this case, the company representatives are always available for contacts and free estimates both for the range of products in the catalog and for the creation of customized orders.<\/p>\n<p>&nbsp;<\/p>\n<h3>Silicone ring for the food industry and other uses<\/h3>\n<p>AGIT is one of the leading companies in the production of gaskets in rubber and other materials, including plastic washers, silicone rings and lip seals in rubber and other materials. AGIT silicone rings are used in the chemical industry, in the food industry and in many other sectors thanks to the special characteristics of the material. In fact, silicone is resistant to many chemical compounds, it is non-stick, it is extremely elastic and offers excellent resistance to both physical stress and temperature variations, making it an extremely versatile material. AGIT silicone rings therefore allow them to resist considerable temperature changes, wear out very slowly if exposed to mechanical stress and guarantee excellent durability over time even in critical conditions. The silicone gaskets prevent other materials from sticking to the washer and each other, making them perfect for use in the kitchen and in the food industry, especially since the material is completely food compatible and does not degrade even at high temperatures.<\/p>\n<p>[\/et_pb_text][\/et_pb_column][\/et_pb_row][\/et_pb_section]<\/p>\n","protected":false},"excerpt":{"rendered":"<p>AGIT has been manufacturing rubber gaskets for over 50 years and is one of the reference industries in Milan and throughout Lombardy. The gaskets are very important elements in many products and being able to count on the highest quality of the materials and the finished object is very important in this case. The company [&hellip;]<\/p>\n","protected":false},"author":1,"featured_media":2795,"parent":0,"menu_order":0,"comment_status":"closed","ping_status":"closed","template":"","meta":{"_et_pb_use_builder":"on","_et_pb_old_content":"<div class=\"container\">\r\n\r\nAGIT realizza <strong>guarnizioni in gomma<\/strong> da oltre 50 anni ed \u00e8 una delle industrie di riferimento a Milano e in tutta la Lombardia. Le guarnizioni sono elementi importantissimi in moltissimi prodotti e poter contare sulla massima qualit\u00e0 dei materiali e dell'oggetto finito \u00e8 in questo caso importantissimo. L'azienda produce un grandissimo numero di tipologie diverse di guarnizioni in gomma, in silicone, guarnizioni spirometalliche e anche speciali guarnizioni liquide, che vengono versate in sede e si solidificano rapidamente, garantendo un'aderenza perfetta. Fra i prodotti realizzati da <strong>AGIT<\/strong> vi sono anche guarnizioni a labbro in gomma, rondelle in plastica e ring silicone. Rondelle, dischi, anelli e altri prodotti sagomati in diversi materiali, come metallo, gomma, cuoio, plastica e mescole specifiche, vengono realizzati e tagliati con speciali tecniche che ne garantiscono sempre la massima qualit\u00e0. AGIT offre ai propri clienti anche la possibilit\u00e0 di realizzare <strong>rondelle in plastica<\/strong>, guarnizioni a labbro in gomma e altri prodotti su misura in base alle esigenze specifiche sia per quanto riguarda forme e dimensioni che per i materiali.\r\n\r\n\u00a0\r\n<h2>Guarnizioni a labbro in gomma e rondelle in plastica<\/h2>\r\nLe <strong>guarnizioni a labbro in gomma<\/strong> sono utilizzate in diverse tipologie di prodotti, in genere che richiedono una tenuta efficace con parti in movimento o con una pressione variabile. La presenza delle labbra di tenuta nei diametro interno o esterno permette infatti di migliorare l'efficacia delle guarnizioni in condizioni variabili. Le guarnizioni a labbro permettono anche di ridurre notevolmente l'attrito, in caso di parti in movimento, e l'abrasione dei materiali. Fra i prodotti di punta dell'ampio catalogo AGIT vi sono anche rondelle in plastica di ogni forma e misura. Queste ultime vengono solitamente utilizzate come <strong>isolanti<\/strong> nella produzione di veicoli commerciali, per l'allestimento di carrozzerie industriali e in diversi settori dell'automotive. Anche in questo caso gli incaricati dell'azienda sono sempre a disposizione per contatti e preventivi gratuiti sia per la gamma di prodotti in catalogo che per la realizzazione di ordini su misura.\r\n\r\n\u00a0\r\n<h3>Ring silicone per l'industria alimentare e altri utilizzi<\/h3>\r\nAGIT \u00e8 una delle aziende leader nella produzione di guarnizioni in gomma e altri materiali, fra cui rondelle in plastica, ring in silicone e guarnizioni a labbro in gomma e altri materiali. I <strong>ring silicone<\/strong> AGIT sono utilizzate nell'industria chimica, in quella alimentare e in molti altri settori grazie alle speciali caratteristiche del materiale. Il silicone infatti \u00e8 resistente a moltissimi composti chimici, \u00e8 antiaderente, \u00e8 estremamente elastico ed offre un'ottima resistenza sia alle sollecitazioni fisiche sia alle variazioni di temperatura, rendendolo un materiale estremamente versatile. I ring silicone di AGIT permettono quindi di resistere a notevoli <strong>sbalzi termici<\/strong>, si consumano molto lentamente se esposti ad uno <strong>stress meccanico<\/strong> e garantiscono un'ottima durata nel tempo anche in condizioni critiche. Le guarnizioni in silicone impediscono ad altri materiali di attaccarsi alla rondella e fra loro, rendendole perfette per utilizzi in cucina e nell'industria alimentare, visto soprattutto che il materiale \u00e8 completamente compatibile con gli alimenti e non si degrada neppure alle alte temperature.\r\n<div class=\"container\">\r\n\r\n\u00a0\r\n\r\n<hr \/>\r\n\r\n\u00a0\r\n\r\n<\/div>\r\n<div class=\"container\">\r\n<div class=\"row\">\r\n<div class=\"col-md-6\">Compilare tutti i campi sottostanti e cliccare [INVIA] per inviare il messaggio. La ricontatteremo il pi\u00f9 presto.\r\n[contact-form-7 id=\"105\" title=\"Form pag Contatti\"]<\/div>\r\n<div class=\"col-md-6\">Agit Di Brolo Rag. Luigi & C. Sas - Guarnizioni Industriali\r\n<iframe style=\"border: 0;\" src=\"https:\/\/www.google.com\/maps\/embed?pb=!1m14!1m8!1m3!1d22368.43143265054!2d9.169085!3d45.508993000000004!3m2!1i1024!2i768!4f13.1!3m3!1m2!1s0x0%3A0x84be60c83d3deedb!2sAgit+Di+Brolo+Rag.+Luigi+%26+C.+Sas+-+Guarnizioni+Industriali!5e0!3m2!1sit!2sus!4v1518085872826\" width=\"100%\" height=\"450\" frameborder=\"0\" allowfullscreen=\"allowfullscreen\"><\/iframe><\/div>\r\n<\/div>\r\n<\/div>\r\n<\/div>","_et_gb_content_width":""},"yoast_head":"<!-- This site is optimized with the Yoast SEO plugin v20.6 - https:\/\/yoast.com\/wordpress\/plugins\/seo\/ -->\n<title>Rubber gaskets - AGIT<\/title>\n<meta name=\"description\" content=\"Rubber gaskets. AGIT produces rubber gaskets with the utmost experience and professionalism. Come and get to know our reality\" \/>\n<meta name=\"robots\" content=\"index, follow, max-snippet:-1, max-image-preview:large, max-video-preview:-1\" \/>\n<link rel=\"canonical\" href=\"https:\/\/www.agit.it\/en\/rubber-gaskets\/\" \/>\n<meta property=\"og:locale\" content=\"en_US\" \/>\n<meta property=\"og:type\" content=\"article\" \/>\n<meta property=\"og:title\" content=\"Rubber gaskets - AGIT\" \/>\n<meta property=\"og:description\" content=\"Rubber gaskets. AGIT produces rubber gaskets with the utmost experience and professionalism. Come and get to know our reality\" \/>\n<meta property=\"og:url\" content=\"https:\/\/www.agit.it\/en\/rubber-gaskets\/\" \/>\n<meta property=\"og:site_name\" content=\"AGIT SRL DI BROLO RAG. LUIGI &amp; C.\" \/>\n<meta property=\"article:modified_time\" content=\"2023-03-03T14:28:25+00:00\" \/>\n<meta property=\"og:image\" content=\"https:\/\/www.agit.it\/wp-content\/uploads\/2022\/09\/guarnizioni_page.webp\" \/>\n\t<meta property=\"og:image:width\" content=\"740\" \/>\n\t<meta property=\"og:image:height\" content=\"874\" \/>\n\t<meta property=\"og:image:type\" content=\"image\/webp\" \/>\n<meta name=\"twitter:card\" content=\"summary_large_image\" \/>\n<meta name=\"twitter:label1\" content=\"Est. reading time\" \/>\n\t<meta name=\"twitter:data1\" content=\"3 minutes\" \/>\n<!-- \/ Yoast SEO plugin. -->","yoast_head_json":{"title":"Rubber gaskets - AGIT","description":"Rubber gaskets. AGIT produces rubber gaskets with the utmost experience and professionalism. Come and get to know our reality","robots":{"index":"index","follow":"follow","max-snippet":"max-snippet:-1","max-image-preview":"max-image-preview:large","max-video-preview":"max-video-preview:-1"},"canonical":"https:\/\/www.agit.it\/en\/rubber-gaskets\/","og_locale":"en_US","og_type":"article","og_title":"Rubber gaskets - AGIT","og_description":"Rubber gaskets. AGIT produces rubber gaskets with the utmost experience and professionalism. Come and get to know our reality","og_url":"https:\/\/www.agit.it\/en\/rubber-gaskets\/","og_site_name":"AGIT SRL DI BROLO RAG. LUIGI &amp; C.","article_modified_time":"2023-03-03T14:28:25+00:00","og_image":[{"width":740,"height":874,"url":"https:\/\/www.agit.it\/wp-content\/uploads\/2022\/09\/guarnizioni_page.webp","type":"image\/webp"}],"twitter_card":"summary_large_image","twitter_misc":{"Est. reading time":"3 minutes"},"schema":{"@context":"https:\/\/schema.org","@graph":[{"@type":"WebPage","@id":"https:\/\/www.agit.it\/en\/rubber-gaskets\/","url":"https:\/\/www.agit.it\/en\/rubber-gaskets\/","name":"Rubber gaskets - AGIT","isPartOf":{"@id":"https:\/\/www.agit.it\/en\/#website"},"datePublished":"2020-11-27T12:54:04+00:00","dateModified":"2023-03-03T14:28:25+00:00","description":"Rubber gaskets. AGIT produces rubber gaskets with the utmost experience and professionalism. Come and get to know our reality","breadcrumb":{"@id":"https:\/\/www.agit.it\/en\/rubber-gaskets\/#breadcrumb"},"inLanguage":"en-US","potentialAction":[{"@type":"ReadAction","target":["https:\/\/www.agit.it\/en\/rubber-gaskets\/"]}]},{"@type":"BreadcrumbList","@id":"https:\/\/www.agit.it\/en\/rubber-gaskets\/#breadcrumb","itemListElement":[{"@type":"ListItem","position":1,"name":"Home","item":"https:\/\/www.agit.it\/en\/"},{"@type":"ListItem","position":2,"name":"Rubber gaskets"}]},{"@type":"WebSite","@id":"https:\/\/www.agit.it\/en\/#website","url":"https:\/\/www.agit.it\/en\/","name":"AGIT SRL DI BROLO RAG. LUIGI &amp; C.","description":"","potentialAction":[{"@type":"SearchAction","target":{"@type":"EntryPoint","urlTemplate":"https:\/\/www.agit.it\/en\/?s={search_term_string}"},"query-input":"required name=search_term_string"}],"inLanguage":"en-US"}]}},"_links":{"self":[{"href":"https:\/\/www.agit.it\/en\/wp-json\/wp\/v2\/pages\/3252"}],"collection":[{"href":"https:\/\/www.agit.it\/en\/wp-json\/wp\/v2\/pages"}],"about":[{"href":"https:\/\/www.agit.it\/en\/wp-json\/wp\/v2\/types\/page"}],"author":[{"embeddable":true,"href":"https:\/\/www.agit.it\/en\/wp-json\/wp\/v2\/users\/1"}],"replies":[{"embeddable":true,"href":"https:\/\/www.agit.it\/en\/wp-json\/wp\/v2\/comments?post=3252"}],"version-history":[{"count":3,"href":"https:\/\/www.agit.it\/en\/wp-json\/wp\/v2\/pages\/3252\/revisions"}],"predecessor-version":[{"id":3329,"href":"https:\/\/www.agit.it\/en\/wp-json\/wp\/v2\/pages\/3252\/revisions\/3329"}],"wp:featuredmedia":[{"embeddable":true,"href":"https:\/\/www.agit.it\/en\/wp-json\/wp\/v2\/media\/2795"}],"wp:attachment":[{"href":"https:\/\/www.agit.it\/en\/wp-json\/wp\/v2\/media?parent=3252"}],"curies":[{"name":"wp","href":"https:\/\/api.w.org\/{rel}","templated":true}]}}