{"id":3258,"date":"2020-11-27T13:16:00","date_gmt":"2020-11-27T12:16:00","guid":{"rendered":"http:\/\/www.agit.it\/rondelle-in-rame\/"},"modified":"2023-03-03T16:31:13","modified_gmt":"2023-03-03T15:31:13","slug":"copper-washers","status":"publish","type":"page","link":"https:\/\/www.agit.it\/en\/copper-washers\/","title":{"rendered":"Copper washers"},"content":{"rendered":"<p>[et_pb_section fb_built=&#8221;1&#8243; _builder_version=&#8221;4.18.0&#8243; _module_preset=&#8221;default&#8221; custom_padding=&#8221;0px||||false|false&#8221; locked=&#8221;off&#8221; global_colors_info=&#8221;{}&#8221;][et_pb_row _builder_version=&#8221;4.18.0&#8243; _module_preset=&#8221;default&#8221; width=&#8221;100%&#8221; custom_padding=&#8221;0px||||false|false&#8221; global_colors_info=&#8221;{}&#8221;][et_pb_column type=&#8221;4_4&#8243; _builder_version=&#8221;4.18.0&#8243; _module_preset=&#8221;default&#8221; global_colors_info=&#8221;{}&#8221;][et_pb_text admin_label=&#8221;Testo&#8221; _builder_version=&#8221;4.20.0&#8243; background_size=&#8221;initial&#8221; background_position=&#8221;top_left&#8221; background_repeat=&#8221;repeat&#8221; hover_enabled=&#8221;0&#8243; global_colors_info=&#8221;{}&#8221; sticky_enabled=&#8221;0&#8243;]<\/p>\n<p>Washers and shapes are essential in the industry and AGIT has been at the service of industries looking for reliable and quality products for years. The washers are sent throughout Italy and used in various fields such as mechanics, clothing and furnishings, electronics and shipbuilding. The washers can be made of different materials such as Teflon, a perfluorocarbon polymer characterized by non-stick properties and high resistance to high temperatures, steel washers, characterized by the resistance of the metal itself, copper washers, with a high level of electrical conductivity and high versatility. We also make washers in cork, felt and any other material upon customer request. The metal washers are produced by shearing, with the help of a mold, and are available in different diameters. There are washers of all types and sizes, but broadly speaking, in addition to the distinction by material, they can be divided into thin flat washers or oversized flat washers and still special flat washers. To carry out quality work it is essential to choose the most resistant and suitable material for the needs and above all to rely on companies that are dedicated to the creation of gaskets and washers for industries with dedication and attention to the quality of the products.<\/p>\n<p>&nbsp;<\/p>\n<h2>Copper washers: technical specifications<\/h2>\n<p>The good seal in hydraulic circuits has made copper washers highly sought after in the sector. In particular, the precision and high quality of pure copper make them very reliable even in the field of household appliances, thanks to the well-known electrical conduction capacity of copper. Other characteristics of these washers are certainly plasticity, i.e. the characteristic of being easily malleable and not generating strong friction, and adaptability, i.e. the ability to be used in the most varied industrial sectors. Therefore they have a good seal and resistance to pressure of medium intensity. They are made and produced in both gas and metric sizes, in order to respond to every type of need and adapt to every use.<\/p>\n<p>&nbsp;<\/p>\n<h3>Copper washers: uses<\/h3>\n<p>The copper washers are suitable for use in threaded seals and for general uses. In particular, they are used in hydraulic circuits, ranging from the brakes, steering and suspension of cars to industrial hydraulic presses, or in the household appliances sector, in particular for aero-refrigeration systems and for the repair of air conditioners. Using copper washers easily solves tightening or sealing problems at not very high pressures. The use therefore embraces different and varied industrial sectors such as electromechanical, the automotive and automotive industry, household appliances, up to the audio and video industry or, for small washers, the world of watchmaking. Copper washers may look like small elements of more complex parts but the quality of these makes everything work perfectly. Precisely for this reason it is essential to rely on Agit, which with its proven experience of over fifty years in the production of copper washers offers and manufactures quality products ready to satisfy every customer need.<\/p>\n<p>[\/et_pb_text][\/et_pb_column][\/et_pb_row][\/et_pb_section]<\/p>\n","protected":false},"excerpt":{"rendered":"<p>Washers and shapes are essential in the industry and AGIT has been at the service of industries looking for reliable and quality products for years. The washers are sent throughout Italy and used in various fields such as mechanics, clothing and furnishings, electronics and shipbuilding. The washers can be made of different materials such as [&hellip;]<\/p>\n","protected":false},"author":1,"featured_media":2795,"parent":0,"menu_order":0,"comment_status":"closed","ping_status":"closed","template":"","meta":{"_et_pb_use_builder":"on","_et_pb_old_content":"<div class=\"container\">\r\n\r\nRondelle e sagomati sono essenziali nell\u2019industria e la AGIT \u00e8 da anni al servizio delle industrie che cercano prodotti affidabili e di qualit\u00e0. Le rondelle vengono inviate in tutta Italia ed utilizzate in diversi ambiti come la meccanica, l\u2019abbigliamento e l\u2019arredamento, l\u2019elettronica e la cantieristica. Le rondelle possono essere realizzate in diversi materiali come il teflon, un polimero dei perfluorocarburi caratterizzato dall\u2019antiaderenza ed elevata resistenza alle alte temperature, rondelle in acciaio, caratterizzate dalla resistenza del metallo stesso, rondelle in rame, con alto livello di conducibilit\u00e0 elettrica ed elevata versatilit\u00e0. Vengono inoltre realizzate rondelle in sughero, feltro e qualsiasi altro materiale su richiesta del cliente. Le rondelle metalliche vengono prodotte per tranciatura, tramite l\u2019ausilio di stampo, e sono disponibili in diversi diametri. Esistono rondelle di ogni tipo e dimensione, ma a grandi linee, oltre alla distinzione per materiale, si possono dividere in rondelle piane sottili o rondelle piane maggiorate e ancora rondelle piane speciali. Per realizzare lavori di qualit\u00e0 \u00e8 indispensabile scegliere il materiale pi\u00f9 resistente ed adatto alle esigenze e soprattutto affidarsi ad aziende che si dedicano alla creazione di guarnizioni e rondelle per le industrie con dedizione e con attenzione alla qualit\u00e0 dei prodotti.\r\n\r\n\u00a0\r\n<h2>Le rondelle in rame: specifiche tecniche<\/h2>\r\nLa buona tenuta nei circuiti oleodinamici ha reso le <strong>rondelle in rame<\/strong> molto ambite nel settore. In particolare la precisione e l\u2019elevata qualit\u00e0 del rame puro le rende molto affidabili anche nel campo degli elettrodomestici, grazie alla risaputa capacit\u00e0 di conduzione elettrica del rame. Altre caratteristiche di queste rondelle sono sicuramente la plasticit\u00e0, ovvero la caratteristica di essere facilmente plasmabile e non generare forti attriti, e l\u2019adattabilit\u00e0, ovvero la capacit\u00e0 di essere utilizzato nei pi\u00f9 svariati settori industriali. Pertanto hanno una buona tenuta e resistenza a pressioni di media intensit\u00e0. Vengono realizzate e prodotte sia in misure gas che in misure metriche, al fine di rispondere ad ogni tipo di esigenza ed adattarsi ad ogni utilizzo.\r\n\r\n\u00a0\r\n<h3>Le rondelle in rame: utilizzi<\/h3>\r\n<strong>Le rondelle in rame<\/strong> risultano adatte ad essere utilizzate in tenute filettate e per usi generici. In particolare vengono impiegate nei circuiti oleodinamici, che vanno dai freni, sterzo e sospensioni delle auto alle presse industriali oleodinamiche, oppure nel settore degli elettrodomestici, in particolare per gli impianti di aero refrigerazione e per la riparazione di condizionatori. Adoperare delle rondelle in rame risolve facilmente problemi di serraggio o di tenuta a pressioni non molto elevate. L'uso quindi abbraccia diversi e variegati settori industriali come elettromeccanica, l\u2019industria automobilistica e automotive, elettrodomestico, fino all\u2019industria audio e video o, per le rondelle di piccole dimensioni al mondo dell\u2019orologeria. Le <strong>rondelle in rame<\/strong> possono sembrare dei piccoli elementi di parti pi\u00f9 complesse ma la qualit\u00e0 di queste fa s\u00ec che tutto funzioni alla perfezione. Proprio per questo motivo \u00e8 indispensabile affidarsi ad Agit, che con la sua affermata esperienza di oltre cinquanta anni nella produzione di rondelle in rame offre e realizza prodotti di qualit\u00e0 pronti a soddisfare ogni esigenza dei clienti.\r\n<div class=\"container\">\r\n\r\n\u00a0\r\n\r\n<hr \/>\r\n\r\n\u00a0\r\n\r\n<\/div>\r\n<div class=\"container\">\r\n<div class=\"row\">\r\n<div class=\"col-md-6\">Compilare tutti i campi sottostanti e cliccare [INVIA] per inviare il messaggio. La ricontatteremo il pi\u00f9 presto.\r\n[contact-form-7 id=\"105\" title=\"Form pag Contatti\"]<\/div>\r\n<div class=\"col-md-6\">Agit Di Brolo Rag. Luigi & C. Sas - Guarnizioni Industriali\r\n<iframe style=\"border: 0;\" src=\"https:\/\/www.google.com\/maps\/embed?pb=!1m14!1m8!1m3!1d22368.43143265054!2d9.169085!3d45.508993000000004!3m2!1i1024!2i768!4f13.1!3m3!1m2!1s0x0%3A0x84be60c83d3deedb!2sAgit+Di+Brolo+Rag.+Luigi+%26+C.+Sas+-+Guarnizioni+Industriali!5e0!3m2!1sit!2sus!4v1518085872826\" width=\"100%\" height=\"450\" frameborder=\"0\" allowfullscreen=\"allowfullscreen\"><\/iframe><\/div>\r\n<\/div>\r\n<\/div>","_et_gb_content_width":""},"yoast_head":"<!-- This site is optimized with the Yoast SEO plugin v20.6 - https:\/\/yoast.com\/wordpress\/plugins\/seo\/ -->\n<title>Copper washers - AGIT<\/title>\n<meta name=\"description\" content=\"Copper washers. AGIT produces copper washers with the utmost experience and professionalism. Come and get to know our reality\" \/>\n<meta name=\"robots\" content=\"index, follow, max-snippet:-1, max-image-preview:large, max-video-preview:-1\" \/>\n<link rel=\"canonical\" href=\"https:\/\/www.agit.it\/en\/copper-washers\/\" \/>\n<meta property=\"og:locale\" content=\"en_US\" \/>\n<meta property=\"og:type\" content=\"article\" \/>\n<meta property=\"og:title\" content=\"Copper washers - AGIT\" \/>\n<meta property=\"og:description\" content=\"Copper washers. AGIT produces copper washers with the utmost experience and professionalism. Come and get to know our reality\" \/>\n<meta property=\"og:url\" content=\"https:\/\/www.agit.it\/en\/copper-washers\/\" \/>\n<meta property=\"og:site_name\" content=\"AGIT SRL DI BROLO RAG. LUIGI &amp; C.\" \/>\n<meta property=\"article:modified_time\" content=\"2023-03-03T15:31:13+00:00\" \/>\n<meta property=\"og:image\" content=\"https:\/\/www.agit.it\/wp-content\/uploads\/2022\/09\/guarnizioni_page.webp\" \/>\n\t<meta property=\"og:image:width\" content=\"740\" \/>\n\t<meta property=\"og:image:height\" content=\"874\" \/>\n\t<meta property=\"og:image:type\" content=\"image\/webp\" \/>\n<meta name=\"twitter:card\" content=\"summary_large_image\" \/>\n<meta name=\"twitter:label1\" content=\"Est. reading time\" \/>\n\t<meta name=\"twitter:data1\" content=\"3 minutes\" \/>\n<!-- \/ Yoast SEO plugin. -->","yoast_head_json":{"title":"Copper washers - AGIT","description":"Copper washers. AGIT produces copper washers with the utmost experience and professionalism. Come and get to know our reality","robots":{"index":"index","follow":"follow","max-snippet":"max-snippet:-1","max-image-preview":"max-image-preview:large","max-video-preview":"max-video-preview:-1"},"canonical":"https:\/\/www.agit.it\/en\/copper-washers\/","og_locale":"en_US","og_type":"article","og_title":"Copper washers - AGIT","og_description":"Copper washers. AGIT produces copper washers with the utmost experience and professionalism. Come and get to know our reality","og_url":"https:\/\/www.agit.it\/en\/copper-washers\/","og_site_name":"AGIT SRL DI BROLO RAG. LUIGI &amp; C.","article_modified_time":"2023-03-03T15:31:13+00:00","og_image":[{"width":740,"height":874,"url":"https:\/\/www.agit.it\/wp-content\/uploads\/2022\/09\/guarnizioni_page.webp","type":"image\/webp"}],"twitter_card":"summary_large_image","twitter_misc":{"Est. reading time":"3 minutes"},"schema":{"@context":"https:\/\/schema.org","@graph":[{"@type":"WebPage","@id":"https:\/\/www.agit.it\/en\/copper-washers\/","url":"https:\/\/www.agit.it\/en\/copper-washers\/","name":"Copper washers - AGIT","isPartOf":{"@id":"https:\/\/www.agit.it\/en\/#website"},"datePublished":"2020-11-27T12:16:00+00:00","dateModified":"2023-03-03T15:31:13+00:00","description":"Copper washers. AGIT produces copper washers with the utmost experience and professionalism. Come and get to know our reality","breadcrumb":{"@id":"https:\/\/www.agit.it\/en\/copper-washers\/#breadcrumb"},"inLanguage":"en-US","potentialAction":[{"@type":"ReadAction","target":["https:\/\/www.agit.it\/en\/copper-washers\/"]}]},{"@type":"BreadcrumbList","@id":"https:\/\/www.agit.it\/en\/copper-washers\/#breadcrumb","itemListElement":[{"@type":"ListItem","position":1,"name":"Home","item":"https:\/\/www.agit.it\/en\/"},{"@type":"ListItem","position":2,"name":"Copper washers"}]},{"@type":"WebSite","@id":"https:\/\/www.agit.it\/en\/#website","url":"https:\/\/www.agit.it\/en\/","name":"AGIT SRL DI BROLO RAG. LUIGI &amp; C.","description":"","potentialAction":[{"@type":"SearchAction","target":{"@type":"EntryPoint","urlTemplate":"https:\/\/www.agit.it\/en\/?s={search_term_string}"},"query-input":"required name=search_term_string"}],"inLanguage":"en-US"}]}},"_links":{"self":[{"href":"https:\/\/www.agit.it\/en\/wp-json\/wp\/v2\/pages\/3258"}],"collection":[{"href":"https:\/\/www.agit.it\/en\/wp-json\/wp\/v2\/pages"}],"about":[{"href":"https:\/\/www.agit.it\/en\/wp-json\/wp\/v2\/types\/page"}],"author":[{"embeddable":true,"href":"https:\/\/www.agit.it\/en\/wp-json\/wp\/v2\/users\/1"}],"replies":[{"embeddable":true,"href":"https:\/\/www.agit.it\/en\/wp-json\/wp\/v2\/comments?post=3258"}],"version-history":[{"count":3,"href":"https:\/\/www.agit.it\/en\/wp-json\/wp\/v2\/pages\/3258\/revisions"}],"predecessor-version":[{"id":3368,"href":"https:\/\/www.agit.it\/en\/wp-json\/wp\/v2\/pages\/3258\/revisions\/3368"}],"wp:featuredmedia":[{"embeddable":true,"href":"https:\/\/www.agit.it\/en\/wp-json\/wp\/v2\/media\/2795"}],"wp:attachment":[{"href":"https:\/\/www.agit.it\/en\/wp-json\/wp\/v2\/media?parent=3258"}],"curies":[{"name":"wp","href":"https:\/\/api.w.org\/{rel}","templated":true}]}}