{"id":3260,"date":"2018-07-04T14:35:40","date_gmt":"2018-07-04T12:35:40","guid":{"rendered":"http:\/\/www.agit.it\/rondelle-personalizzate\/"},"modified":"2023-03-03T16:27:40","modified_gmt":"2023-03-03T15:27:40","slug":"custom-washers","status":"publish","type":"page","link":"https:\/\/www.agit.it\/en\/washers-and-shapes\/custom-washers\/","title":{"rendered":"Custom Washers"},"content":{"rendered":"<p>[et_pb_section fb_built=&#8221;1&#8243; _builder_version=&#8221;4.18.0&#8243; _module_preset=&#8221;default&#8221; custom_padding=&#8221;0px||||false|false&#8221; locked=&#8221;off&#8221; global_colors_info=&#8221;{}&#8221;][et_pb_row _builder_version=&#8221;4.18.0&#8243; _module_preset=&#8221;default&#8221; width=&#8221;100%&#8221; custom_padding=&#8221;0px||||false|false&#8221; global_colors_info=&#8221;{}&#8221;][et_pb_column type=&#8221;4_4&#8243; _builder_version=&#8221;4.18.0&#8243; _module_preset=&#8221;default&#8221; global_colors_info=&#8221;{}&#8221;][et_pb_text _builder_version=&#8221;4.20.0&#8243; background_size=&#8221;initial&#8221; background_position=&#8221;top_left&#8221; background_repeat=&#8221;repeat&#8221; hover_enabled=&#8221;0&#8243; global_colors_info=&#8221;{}&#8221; sticky_enabled=&#8221;0&#8243;]<\/p>\n<p>Washers are perforated discs that fit under the nut of a bolt or screw. Their purpose is to improve the locking of the bolt or screw under which they are inserted. Washers are also known as rosettes, which however are less common.<br \/>Given their particular function, choosing customized washers can often represent an ideal solution for carrying out particular jobs.<\/p>\n<h3>AGIT customized washers<\/h3>\n<p>AGIT has been representing for over 50 years a guarantee in the production and supply of elements such as gaskets and washers. The Milanese company is able to guarantee an excellent quality service, both from a technological point of view and from the point of view of specific consultancy.<br \/>In the case of customized washers, it is possible to choose between different solutions. From flat washers of standard size, to custom-built washers that respond in a customized way to the need that the customer wishes to satisfy, produced using the die-cutting or shearing technique.<br \/>The customized washers produced and supplied by AGIT allow you to make practical and executable jobs that would otherwise be much more complicated.<br \/>Thanks to the long experience that the company has gained over the last few decades, AGIT has become a real guarantee of quality and excellent workmanship of the products. This guarantee is currently offered by an expert and professional technical staff, capable of offering customers customized washers that respond perfectly to advanced requests.<br \/>These skills also make it possible to satisfy the most complex applications. The production and, even before that, the design of customized washers also passes through the careful choice of material by industry experts whose skills allow an apparently simple object to be made perfectly compliant with the requirements defined for it by the design engineers.<br \/>This way of working allows us to adequately respond to even the most complicated quality requirements. AGIT customized washers eliminate any type of defect by virtue of a complete and practical service in all the smallest details.<\/p>\n<p>[\/et_pb_text][\/et_pb_column][\/et_pb_row][\/et_pb_section]<\/p>\n","protected":false},"excerpt":{"rendered":"<p>Washers are perforated discs that fit under the nut of a bolt or screw. Their purpose is to improve the locking of the bolt or screw under which they are inserted. Washers are also known as rosettes, which however are less common.Given their particular function, choosing customized washers can often represent an ideal solution for [&hellip;]<\/p>\n","protected":false},"author":1,"featured_media":2795,"parent":3285,"menu_order":0,"comment_status":"closed","ping_status":"closed","template":"","meta":{"_et_pb_use_builder":"on","_et_pb_old_content":"<div class=\"container\">Le rondelle sono dischi forati che si inseriscono sotto il dado di un bullone oppure di una vite. Il loro scopo consiste nel migliorare il bloccaggio del bullone o della vite sotto ai quali vengono inserite. Le rondelle sono conosciute anche col nome di rosette, che per\u00f2 \u00e8 meno diffuso.\r\nData la loro particolare funzione, scegliere <strong>rondelle personalizzate<\/strong> pu\u00f2 rappresentare spesso una soluzione ideale per adempiere a particolari lavori.\r\n<h3>Le rondelle personalizzate AGIT<\/h3>\r\nAGIT rappresenta ormai da oltre 50 anni una garanzia nella produzione e nella fornitura di elementi quali guarnizioni e, appunto, rondelle. L'azienda milanese \u00e8 in grado di garantire un servizio di ottima qualit\u00e0, sia dal punto di vista tecnologico che dal punto di vista della consulenza specifica.\r\nNel caso delle <strong>rondelle customizzate<\/strong>, \u00e8 possibile scegliere tra diverse soluzioni. Dalle rondelle piatte di misura strandard, alle rondelle costruite su misura che rispondono in maniera customizzata all'esigenza che il cliente desidera soddisfare, prodotte mediante la tecnica della fustellatura o della tranciatura.\r\nLe <strong>rondelle personalizzate<\/strong> prodotte e fornite da AGIT consentono di rendere pratici ed eseguibili lavori che si rivelerebbero altrimenti molto pi\u00f9 complicati.\r\nGrazie alla lunga esperienza che l'azienda ha maturato nel corso degli ultimi decenni, AGIT \u00e8 diventata una vera e propria certezza di qualit\u00e0 e ottima fattura dei prodotti. Questa garanzia \u00e8 attualmente offerta da uno staff tecnico esperto e professionale, capace di offrire alla clientela anche <strong>rondelle customizzate<\/strong> che rispondono perfettamente alle richieste avanzate.\r\nQueste competenze permettono anche di soddisfare le applicazioni pi\u00f9 complesse. La produzione e, ancor prima, la progettazione di rondelle personalizzate passa anche attraverso l'attenta scelta del materiale da parte di esperti del settore le cui competenze permettono di rendere un oggetto apparentemente semplice perfettamente rispondente ai requisiti per esso definiti dagli ingegneri progettisti.\r\nQuesto modo di lavorare permette di rispondere in maniera adeguata anche ai requisiti qualitativi pi\u00f9 complicati. Le <strong>rondelle personalizzate<\/strong> AGIT eliminano qualsiasi tipo di difetto in virt\u00f9 di un servizio completo e pratico in tutti i minimi dettagli.\r\n\r\n<\/div>\r\n<div class=\"container\">\r\n\r\n\u00a0\r\n\r\n<hr \/>\r\n\r\n\u00a0\r\n\r\n<\/div>\r\n<div class=\"container\">\r\n<div class=\"row\">\r\n<div class=\"col-md-6\">Compilare tutti i campi sottostanti e cliccare [INVIA] per inviare il messaggio. La ricontatteremo il pi\u00f9 presto.\r\n[contact-form-7 id=\"105\" title=\"Form pag Contatti\"]<\/div>\r\n<div class=\"col-md-6\">Agit Di Brolo Rag. Luigi & C. Sas - Guarnizioni Industriali\r\n<iframe style=\"border: 0;\" src=\"https:\/\/www.google.com\/maps\/embed?pb=!1m14!1m8!1m3!1d22368.43143265054!2d9.169085!3d45.508993000000004!3m2!1i1024!2i768!4f13.1!3m3!1m2!1s0x0%3A0x84be60c83d3deedb!2sAgit+Di+Brolo+Rag.+Luigi+%26+C.+Sas+-+Guarnizioni+Industriali!5e0!3m2!1sit!2sus!4v1518085872826\" width=\"100%\" height=\"450\" frameborder=\"0\" allowfullscreen=\"allowfullscreen\"><\/iframe><\/div>\r\n<\/div>\r\n<\/div>","_et_gb_content_width":""},"yoast_head":"<!-- This site is optimized with the Yoast SEO plugin v20.6 - https:\/\/yoast.com\/wordpress\/plugins\/seo\/ -->\n<title>Custom Washers - AGIT SRL DI BROLO RAG. LUIGI &amp; C.<\/title>\n<meta name=\"description\" content=\"Custom washers. AGIT is a point of reference for the production of customized washers based on customer drawings and specifications.\" \/>\n<meta name=\"robots\" content=\"index, follow, max-snippet:-1, max-image-preview:large, max-video-preview:-1\" \/>\n<link rel=\"canonical\" href=\"https:\/\/www.agit.it\/en\/washers-and-shapes\/custom-washers\/\" \/>\n<meta property=\"og:locale\" content=\"en_US\" \/>\n<meta property=\"og:type\" content=\"article\" \/>\n<meta property=\"og:title\" content=\"Custom Washers - AGIT SRL DI BROLO RAG. LUIGI &amp; C.\" \/>\n<meta property=\"og:description\" content=\"Custom washers. AGIT is a point of reference for the production of customized washers based on customer drawings and specifications.\" \/>\n<meta property=\"og:url\" content=\"https:\/\/www.agit.it\/en\/washers-and-shapes\/custom-washers\/\" \/>\n<meta property=\"og:site_name\" content=\"AGIT SRL DI BROLO RAG. LUIGI &amp; C.\" \/>\n<meta property=\"article:modified_time\" content=\"2023-03-03T15:27:40+00:00\" \/>\n<meta property=\"og:image\" content=\"https:\/\/www.agit.it\/wp-content\/uploads\/2022\/09\/guarnizioni_page.webp\" \/>\n\t<meta property=\"og:image:width\" content=\"740\" \/>\n\t<meta property=\"og:image:height\" content=\"874\" \/>\n\t<meta property=\"og:image:type\" content=\"image\/webp\" \/>\n<meta name=\"twitter:card\" content=\"summary_large_image\" \/>\n<meta name=\"twitter:label1\" content=\"Est. reading time\" \/>\n\t<meta name=\"twitter:data1\" content=\"2 minutes\" \/>\n<!-- \/ Yoast SEO plugin. -->","yoast_head_json":{"title":"Custom Washers - AGIT SRL DI BROLO RAG. LUIGI &amp; C.","description":"Custom washers. AGIT is a point of reference for the production of customized washers based on customer drawings and specifications.","robots":{"index":"index","follow":"follow","max-snippet":"max-snippet:-1","max-image-preview":"max-image-preview:large","max-video-preview":"max-video-preview:-1"},"canonical":"https:\/\/www.agit.it\/en\/washers-and-shapes\/custom-washers\/","og_locale":"en_US","og_type":"article","og_title":"Custom Washers - AGIT SRL DI BROLO RAG. LUIGI &amp; C.","og_description":"Custom washers. AGIT is a point of reference for the production of customized washers based on customer drawings and specifications.","og_url":"https:\/\/www.agit.it\/en\/washers-and-shapes\/custom-washers\/","og_site_name":"AGIT SRL DI BROLO RAG. LUIGI &amp; C.","article_modified_time":"2023-03-03T15:27:40+00:00","og_image":[{"width":740,"height":874,"url":"https:\/\/www.agit.it\/wp-content\/uploads\/2022\/09\/guarnizioni_page.webp","type":"image\/webp"}],"twitter_card":"summary_large_image","twitter_misc":{"Est. reading time":"2 minutes"},"schema":{"@context":"https:\/\/schema.org","@graph":[{"@type":"WebPage","@id":"https:\/\/www.agit.it\/en\/washers-and-shapes\/custom-washers\/","url":"https:\/\/www.agit.it\/en\/washers-and-shapes\/custom-washers\/","name":"Custom Washers - AGIT SRL DI BROLO RAG. LUIGI &amp; C.","isPartOf":{"@id":"https:\/\/www.agit.it\/en\/#website"},"datePublished":"2018-07-04T12:35:40+00:00","dateModified":"2023-03-03T15:27:40+00:00","description":"Custom washers. AGIT is a point of reference for the production of customized washers based on customer drawings and specifications.","breadcrumb":{"@id":"https:\/\/www.agit.it\/en\/washers-and-shapes\/custom-washers\/#breadcrumb"},"inLanguage":"en-US","potentialAction":[{"@type":"ReadAction","target":["https:\/\/www.agit.it\/en\/washers-and-shapes\/custom-washers\/"]}]},{"@type":"BreadcrumbList","@id":"https:\/\/www.agit.it\/en\/washers-and-shapes\/custom-washers\/#breadcrumb","itemListElement":[{"@type":"ListItem","position":1,"name":"Home","item":"https:\/\/www.agit.it\/en\/"},{"@type":"ListItem","position":2,"name":"Washers and shapes","item":"https:\/\/www.agit.it\/en\/washers-and-shapes\/"},{"@type":"ListItem","position":3,"name":"Custom Washers"}]},{"@type":"WebSite","@id":"https:\/\/www.agit.it\/en\/#website","url":"https:\/\/www.agit.it\/en\/","name":"AGIT SRL DI BROLO RAG. LUIGI &amp; C.","description":"","potentialAction":[{"@type":"SearchAction","target":{"@type":"EntryPoint","urlTemplate":"https:\/\/www.agit.it\/en\/?s={search_term_string}"},"query-input":"required name=search_term_string"}],"inLanguage":"en-US"}]}},"_links":{"self":[{"href":"https:\/\/www.agit.it\/en\/wp-json\/wp\/v2\/pages\/3260"}],"collection":[{"href":"https:\/\/www.agit.it\/en\/wp-json\/wp\/v2\/pages"}],"about":[{"href":"https:\/\/www.agit.it\/en\/wp-json\/wp\/v2\/types\/page"}],"author":[{"embeddable":true,"href":"https:\/\/www.agit.it\/en\/wp-json\/wp\/v2\/users\/1"}],"replies":[{"embeddable":true,"href":"https:\/\/www.agit.it\/en\/wp-json\/wp\/v2\/comments?post=3260"}],"version-history":[{"count":3,"href":"https:\/\/www.agit.it\/en\/wp-json\/wp\/v2\/pages\/3260\/revisions"}],"predecessor-version":[{"id":3365,"href":"https:\/\/www.agit.it\/en\/wp-json\/wp\/v2\/pages\/3260\/revisions\/3365"}],"up":[{"embeddable":true,"href":"https:\/\/www.agit.it\/en\/wp-json\/wp\/v2\/pages\/3285"}],"wp:featuredmedia":[{"embeddable":true,"href":"https:\/\/www.agit.it\/en\/wp-json\/wp\/v2\/media\/2795"}],"wp:attachment":[{"href":"https:\/\/www.agit.it\/en\/wp-json\/wp\/v2\/media?parent=3260"}],"curies":[{"name":"wp","href":"https:\/\/api.w.org\/{rel}","templated":true}]}}