{"id":3268,"date":"2018-07-04T11:51:58","date_gmt":"2018-07-04T09:51:58","guid":{"rendered":"http:\/\/www.agit.it\/produzione-guarnizioni-speciali\/"},"modified":"2023-03-03T15:46:11","modified_gmt":"2023-03-03T14:46:11","slug":"production-of-special-gaskets","status":"publish","type":"page","link":"https:\/\/www.agit.it\/en\/industrial-gaskets\/production-of-special-gaskets\/","title":{"rendered":"Production of special gaskets"},"content":{"rendered":"<p>[et_pb_section fb_built=&#8221;1&#8243; _builder_version=&#8221;4.18.0&#8243; _module_preset=&#8221;default&#8221; custom_padding=&#8221;0px||||false|false&#8221; locked=&#8221;off&#8221; global_colors_info=&#8221;{}&#8221;][et_pb_row _builder_version=&#8221;4.18.0&#8243; _module_preset=&#8221;default&#8221; width=&#8221;100%&#8221; custom_padding=&#8221;0px||||false|false&#8221; global_colors_info=&#8221;{}&#8221;][et_pb_column type=&#8221;4_4&#8243; _builder_version=&#8221;4.18.0&#8243; _module_preset=&#8221;default&#8221; global_colors_info=&#8221;{}&#8221;][et_pb_text _builder_version=&#8221;4.20.0&#8243; background_size=&#8221;initial&#8221; background_position=&#8221;top_left&#8221; background_repeat=&#8221;repeat&#8221; hover_enabled=&#8221;0&#8243; global_colors_info=&#8221;{}&#8221; sticky_enabled=&#8221;0&#8243;]<\/p>\n<p>Agit is a company in Milan that deals with specific processes using cutting-edge technologies of the latest generation. One of Agit&#8217;s main sectors of intervention is the production of special gaskets; can count on an experience of over 50 years and on technologies such as water jet cutting.<br \/>Agit also works on request, producing special gaskets of various materials and different types depending on the intended use, which ranges from hydraulics to industrial use.<\/p>\n<h3>Production<\/h3>\n<p>There are many types of gaskets produced:<\/p>\n<ul>\n<li>lip seals: they are suitable for high pressure and generally have the characteristic of guaranteeing the seal in one direction only according to the shape of the lip of the joint, generally the outermost one. This makes it easier to assemble the components.<\/li>\n<li>adhesive gaskets: they have an adhesive side: the gaskets used in car doors are an example.<\/li>\n<li>plumbing seals: traditional model used for joints of plumbing pipes, taps and other accessories;<\/li>\n<li>O-ring seals: model used in mechanics in order to retain the lubricating oil and avoid contact with water;<\/li>\n<li>gaskets for cars: the type and materials used in this type of gasket is the most varied, as are the parts of the vehicles in which they are mounted;<\/li>\n<li>silicone gaskets: they are very resistant to high and low temperatures, making them effective for example on photovoltaic systems, heating or for applications in extreme climates;<\/li>\n<li>spiral wound gaskets: particular model intended for industry, especially refineries and other plants in the chemical sector.<\/li>\n<\/ul>\n<p>Agit&#8217;s production of special gaskets is vast and capable of covering many different applications.<\/p>\n<h3>Waterjet cutting<\/h3>\n<p>Waterjet is a complex machine that works using a powerful jet of water with the addition of abrasive materials.<br \/>The machine processes all types of material and has the characteristic of making cuts using a mechanism that combines abrasion and erosion without resorting to equipment (jigs, punches, shearing irons) reducing delivery times. The system completely replaces normal machinery and allows for significant economic savings which have repercussions on product prices.<\/p>\n<p>[\/et_pb_text][\/et_pb_column][\/et_pb_row][\/et_pb_section]<\/p>\n","protected":false},"excerpt":{"rendered":"<p>Agit is a company in Milan that deals with specific processes using cutting-edge technologies of the latest generation. One of Agit&#8217;s main sectors of intervention is the production of special gaskets; can count on an experience of over 50 years and on technologies such as water jet cutting.Agit also works on request, producing special gaskets [&hellip;]<\/p>\n","protected":false},"author":1,"featured_media":2795,"parent":3270,"menu_order":0,"comment_status":"closed","ping_status":"closed","template":"","meta":{"_et_pb_use_builder":"on","_et_pb_old_content":"<div class=\"container\">Agit \u00e8 un'azienda di Milano che si occupa di specifiche lavorazioni mediante tecnologie all'avanguardia di ultima generazione. Uno dei principali settori di intervento di Agit \u00e8 la <strong>produzione di guarnizioni speciali<\/strong>; pu\u00f2 contare su un'esperienza di oltre 50 anni e su tecnologie come il taglio a idrogetto Waterjet.\r\nAgit lavora anche su richiesta, producendo <strong>guarnizioni speciali<\/strong> di vario materiale e diversa tipologia a seconda della destinazione d'uso, per la quale si spazia dall'idraulica all'utilizzo industriale.\r\n<h3>La produzione<\/h3>\r\nI tipi di guarnizione prodotti sono molti:\r\n<ul>\r\n \t<li>guarnizioni a labbro: sono adatte all'alta pressione ed hanno generalmente la caratteristica di garantire la tenuta in una sola direzione in funzione della forma del labbro della giunzione, in genere quello pi\u00f9 esterno. In questo modo \u00e8 pi\u00f9 semplice il montaggio dei componenti.<\/li>\r\n \t<li>guarnizioni adesive: presentano un lato adesivo: ne sono un esempio le guarnizioni utilizzate nelle portiere delle automobili.<\/li>\r\n \t<li>guarnizioni idrauliche: tradizionale modello utilizzato per giunzioni di tubature idrauliche, rubinetti e altri accessori;<\/li>\r\n \t<li>guarnizioni O-ring: modello utilizzato in meccanica al fine di trattenere l'olio lubrificante ed evitare il contatto con l'acqua;<\/li>\r\n \t<li>guarnizioni per automobili: la tipologia ed i materiali utilizzati in questo tipo di guarnizioni \u00e8 la pi\u00f9 varia, cos\u00ec come le parti degli automezzi in cui vengono montate;<\/li>\r\n \t<li>guarnizioni in silicone: sono molto resistenti alle alte e alle basse temperature, rendendole efficaci ad esempio su impianti fotovoltaici, di riscaldamento oppure per applicazioni in climi estremi;<\/li>\r\n \t<li>guarnizioni spirometalliche: particolare modello destinato all'industria, in special modo raffinerie e altri impianti del settore chimico.<\/li>\r\n<\/ul>\r\nLa <strong>produzione di guarnizioni speciali<\/strong> di Agit \u00e8 vasta ed in grado di ricoprire moltissime applicazioni differenti.\r\n<h3>Il taglio a idrogetto Waterjet<\/h3>\r\nWaterjet \u00e8 un complesso macchinario che funziona utilizzando un potente getto d'acqua addizionato di materiali abrasivi.\r\nLa macchina lavora tutti i tipi di materiale ed ha la caratteristica di eseguire tagli mediante un meccanismo che combina abrasione ed erosione senza ricorrere ad attrezzature (dime, fustelle, ferri-trancia) riducendo i tempo di consegna. Il sistema sostituisce integralmente i normali macchinari e permette un importante risparmio economico che si ripercuote sui prezzi dei prodotti.\r\n\r\n<\/div>\r\n<div class=\"container\">\r\n\r\n\u00a0\r\n\r\n<hr \/>\r\n\r\n\u00a0\r\n\r\n<\/div>\r\n<div class=\"container\">\r\n<div class=\"row\">\r\n<div class=\"col-md-6\">Compilare tutti i campi sottostanti e cliccare [INVIA] per inviare il messaggio. La ricontatteremo il pi\u00f9 presto.\r\n[contact-form-7 id=\"105\" title=\"Form pag Contatti\"]<\/div>\r\n<div class=\"col-md-6\">Agit Di Brolo Rag. Luigi & C. Sas - Guarnizioni Industriali\r\n<iframe style=\"border: 0;\" src=\"https:\/\/www.google.com\/maps\/embed?pb=!1m14!1m8!1m3!1d22368.43143265054!2d9.169085!3d45.508993000000004!3m2!1i1024!2i768!4f13.1!3m3!1m2!1s0x0%3A0x84be60c83d3deedb!2sAgit+Di+Brolo+Rag.+Luigi+%26+C.+Sas+-+Guarnizioni+Industriali!5e0!3m2!1sit!2sus!4v1518085872826\" width=\"100%\" height=\"450\" frameborder=\"0\" allowfullscreen=\"allowfullscreen\"><\/iframe><\/div>\r\n<\/div>\r\n<\/div>","_et_gb_content_width":""},"yoast_head":"<!-- This site is optimized with the Yoast SEO plugin v20.6 - https:\/\/yoast.com\/wordpress\/plugins\/seo\/ -->\n<title>Production of Special Gaskets | AGIT<\/title>\n<meta name=\"description\" content=\"Production of special gaskets. AGIT deals with the production of special gaskets in any material, based on the customer&#039;s design and specification.\" \/>\n<meta name=\"robots\" content=\"index, follow, max-snippet:-1, max-image-preview:large, max-video-preview:-1\" \/>\n<link rel=\"canonical\" href=\"https:\/\/www.agit.it\/en\/industrial-gaskets\/production-of-special-gaskets\/\" \/>\n<meta property=\"og:locale\" content=\"en_US\" \/>\n<meta property=\"og:type\" content=\"article\" \/>\n<meta property=\"og:title\" content=\"Production of Special Gaskets | AGIT\" \/>\n<meta property=\"og:description\" content=\"Production of special gaskets. AGIT deals with the production of special gaskets in any material, based on the customer&#039;s design and specification.\" \/>\n<meta property=\"og:url\" content=\"https:\/\/www.agit.it\/en\/industrial-gaskets\/production-of-special-gaskets\/\" \/>\n<meta property=\"og:site_name\" content=\"AGIT SRL DI BROLO RAG. LUIGI &amp; C.\" \/>\n<meta property=\"article:modified_time\" content=\"2023-03-03T14:46:11+00:00\" \/>\n<meta property=\"og:image\" content=\"https:\/\/www.agit.it\/wp-content\/uploads\/2022\/09\/guarnizioni_page.webp\" \/>\n\t<meta property=\"og:image:width\" content=\"740\" \/>\n\t<meta property=\"og:image:height\" content=\"874\" \/>\n\t<meta property=\"og:image:type\" content=\"image\/webp\" \/>\n<meta name=\"twitter:card\" content=\"summary_large_image\" \/>\n<meta name=\"twitter:label1\" content=\"Est. reading time\" \/>\n\t<meta name=\"twitter:data1\" content=\"2 minutes\" \/>\n<!-- \/ Yoast SEO plugin. -->","yoast_head_json":{"title":"Production of Special Gaskets | AGIT","description":"Production of special gaskets. AGIT deals with the production of special gaskets in any material, based on the customer's design and specification.","robots":{"index":"index","follow":"follow","max-snippet":"max-snippet:-1","max-image-preview":"max-image-preview:large","max-video-preview":"max-video-preview:-1"},"canonical":"https:\/\/www.agit.it\/en\/industrial-gaskets\/production-of-special-gaskets\/","og_locale":"en_US","og_type":"article","og_title":"Production of Special Gaskets | AGIT","og_description":"Production of special gaskets. AGIT deals with the production of special gaskets in any material, based on the customer's design and specification.","og_url":"https:\/\/www.agit.it\/en\/industrial-gaskets\/production-of-special-gaskets\/","og_site_name":"AGIT SRL DI BROLO RAG. LUIGI &amp; C.","article_modified_time":"2023-03-03T14:46:11+00:00","og_image":[{"width":740,"height":874,"url":"https:\/\/www.agit.it\/wp-content\/uploads\/2022\/09\/guarnizioni_page.webp","type":"image\/webp"}],"twitter_card":"summary_large_image","twitter_misc":{"Est. reading time":"2 minutes"},"schema":{"@context":"https:\/\/schema.org","@graph":[{"@type":"WebPage","@id":"https:\/\/www.agit.it\/en\/industrial-gaskets\/production-of-special-gaskets\/","url":"https:\/\/www.agit.it\/en\/industrial-gaskets\/production-of-special-gaskets\/","name":"Production of Special Gaskets | AGIT","isPartOf":{"@id":"https:\/\/www.agit.it\/en\/#website"},"datePublished":"2018-07-04T09:51:58+00:00","dateModified":"2023-03-03T14:46:11+00:00","description":"Production of special gaskets. AGIT deals with the production of special gaskets in any material, based on the customer's design and specification.","breadcrumb":{"@id":"https:\/\/www.agit.it\/en\/industrial-gaskets\/production-of-special-gaskets\/#breadcrumb"},"inLanguage":"en-US","potentialAction":[{"@type":"ReadAction","target":["https:\/\/www.agit.it\/en\/industrial-gaskets\/production-of-special-gaskets\/"]}]},{"@type":"BreadcrumbList","@id":"https:\/\/www.agit.it\/en\/industrial-gaskets\/production-of-special-gaskets\/#breadcrumb","itemListElement":[{"@type":"ListItem","position":1,"name":"Home","item":"https:\/\/www.agit.it\/en\/"},{"@type":"ListItem","position":2,"name":"Industrial gaskets","item":"https:\/\/www.agit.it\/en\/industrial-gaskets\/"},{"@type":"ListItem","position":3,"name":"Production of special gaskets"}]},{"@type":"WebSite","@id":"https:\/\/www.agit.it\/en\/#website","url":"https:\/\/www.agit.it\/en\/","name":"AGIT SRL DI BROLO RAG. LUIGI &amp; C.","description":"","potentialAction":[{"@type":"SearchAction","target":{"@type":"EntryPoint","urlTemplate":"https:\/\/www.agit.it\/en\/?s={search_term_string}"},"query-input":"required name=search_term_string"}],"inLanguage":"en-US"}]}},"_links":{"self":[{"href":"https:\/\/www.agit.it\/en\/wp-json\/wp\/v2\/pages\/3268"}],"collection":[{"href":"https:\/\/www.agit.it\/en\/wp-json\/wp\/v2\/pages"}],"about":[{"href":"https:\/\/www.agit.it\/en\/wp-json\/wp\/v2\/types\/page"}],"author":[{"embeddable":true,"href":"https:\/\/www.agit.it\/en\/wp-json\/wp\/v2\/users\/1"}],"replies":[{"embeddable":true,"href":"https:\/\/www.agit.it\/en\/wp-json\/wp\/v2\/comments?post=3268"}],"version-history":[{"count":3,"href":"https:\/\/www.agit.it\/en\/wp-json\/wp\/v2\/pages\/3268\/revisions"}],"predecessor-version":[{"id":3345,"href":"https:\/\/www.agit.it\/en\/wp-json\/wp\/v2\/pages\/3268\/revisions\/3345"}],"up":[{"embeddable":true,"href":"https:\/\/www.agit.it\/en\/wp-json\/wp\/v2\/pages\/3270"}],"wp:featuredmedia":[{"embeddable":true,"href":"https:\/\/www.agit.it\/en\/wp-json\/wp\/v2\/media\/2795"}],"wp:attachment":[{"href":"https:\/\/www.agit.it\/en\/wp-json\/wp\/v2\/media?parent=3268"}],"curies":[{"name":"wp","href":"https:\/\/api.w.org\/{rel}","templated":true}]}}