{"id":3277,"date":"2018-02-08T11:31:37","date_gmt":"2018-02-08T10:31:37","guid":{"rendered":"http:\/\/www.agit.it\/contatti\/"},"modified":"2023-03-03T15:21:26","modified_gmt":"2023-03-03T14:21:26","slug":"contacts","status":"publish","type":"page","link":"https:\/\/www.agit.it\/en\/contacts\/","title":{"rendered":"Contacts"},"content":{"rendered":"<p>[et_pb_section fb_built=&#8221;1&#8243; _builder_version=&#8221;4.18.0&#8243; _module_preset=&#8221;default&#8221; global_colors_info=&#8221;{}&#8221;][et_pb_row _builder_version=&#8221;4.18.0&#8243; _module_preset=&#8221;default&#8221; background_color=&#8221;gcid-7780edaf-5e99-4f0e-ae74-aa35cdb2daa8&#8243; width=&#8221;90%&#8221; custom_margin=&#8221;||0px||false|false&#8221; custom_padding=&#8221;||||false|false&#8221; global_colors_info=&#8221;{%22gcid-7780edaf-5e99-4f0e-ae74-aa35cdb2daa8%22:%91%22background_color%22%93}&#8221;][et_pb_column type=&#8221;4_4&#8243; _builder_version=&#8221;4.18.0&#8243; _module_preset=&#8221;default&#8221; custom_padding=&#8221;|5vw||5vw|false|true&#8221; custom_padding_tablet=&#8221;|5vw||5vw|false|true&#8221; custom_padding_phone=&#8221;|5vw||5vw|false|true&#8221; custom_padding_last_edited=&#8221;on|phone&#8221; custom_css_main_element=&#8221;display:grid;||grid-template-columns:repeat(4, 1fr);||gap:1rem;||scroll-snap-type: x mandatory;||&#8221; global_colors_info=&#8221;{}&#8221; custom_css_main_element_last_edited=&#8221;on|phone&#8221; custom_css_main_element_tablet=&#8221;    padding-right: 5vw;||    padding-left: 5vw;||    display: flex;||    overflow: auto;||    margin-bottom: -1rem !important;||    flex: none;||    flex-flow: row nowrap;||    justify-content: start;||    gap: 2rem;||    scroll-snap-type: x mandatory;&#8221; custom_css_main_element_phone=&#8221;    padding-right: 5vw;||    padding-left: 5vw;||    display: flex;||    overflow: auto;||    margin-bottom: -2.5rem !important;||    flex: none;||    flex-flow: row nowrap;||    justify-content: start;||    gap: 2rem;||    scroll-snap-type: x mandatory;&#8221;][et_pb_blurb use_icon=&#8221;on&#8221; font_icon=&#8221;&#xf232;||fa||400&#8243; icon_color=&#8221;#FFFFFF&#8221; image_icon_width=&#8221;42px&#8221; _builder_version=&#8221;4.18.0&#8243; _module_preset=&#8221;default&#8221; text_orientation=&#8221;center&#8221; background_layout=&#8221;dark&#8221; custom_margin=&#8221;||0px||false|false&#8221; custom_padding=&#8221;||||false|false&#8221; custom_padding_tablet=&#8221;||||false|false&#8221; custom_padding_phone=&#8221;||1rem||false|false&#8221; custom_padding_last_edited=&#8221;on|phone&#8221; link_option_url=&#8221;https:\/\/wa.me\/390239310737&#8243; link_option_url_new_window=&#8221;on&#8221; global_colors_info=&#8221;{}&#8221;]<\/p>\n<p>WhatsApp<\/p>\n<p>[\/et_pb_blurb][et_pb_blurb use_icon=&#8221;on&#8221; font_icon=&#8221;&#xf0e0;||fa||400&#8243; icon_color=&#8221;#FFFFFF&#8221; image_icon_width=&#8221;42px&#8221; _builder_version=&#8221;4.18.0&#8243; _module_preset=&#8221;default&#8221; text_orientation=&#8221;center&#8221; background_layout=&#8221;dark&#8221; custom_margin=&#8221;||0px||false|false&#8221; link_option_url=&#8221;mailto:info@agit.it&#8221; link_option_url_new_window=&#8221;on&#8221; global_colors_info=&#8221;{}&#8221;]<\/p>\n<p>Email<\/p>\n<p>[\/et_pb_blurb][et_pb_blurb use_icon=&#8221;on&#8221; font_icon=&#8221;&#xf879;||fa||900&#8243; icon_color=&#8221;#FFFFFF&#8221; image_icon_width=&#8221;42px&#8221; _builder_version=&#8221;4.20.0&#8243; _module_preset=&#8221;default&#8221; text_orientation=&#8221;center&#8221; background_layout=&#8221;dark&#8221; custom_margin=&#8221;||0px||false|false&#8221; link_option_url=&#8221;tel:+390239310737&#8243; link_option_url_new_window=&#8221;on&#8221; global_colors_info=&#8221;{}&#8221;]<\/p>\n<p>Call us<\/p>\n<p>[\/et_pb_blurb][et_pb_blurb use_icon=&#8221;on&#8221; font_icon=&#8221;&#xf3c5;||fa||900&#8243; icon_color=&#8221;#FFFFFF&#8221; image_icon_width=&#8221;42px&#8221; _builder_version=&#8221;4.20.0&#8243; _module_preset=&#8221;default&#8221; text_orientation=&#8221;center&#8221; background_layout=&#8221;dark&#8221; custom_margin=&#8221;||0px||false|false&#8221; link_option_url=&#8221;https:\/\/goo.gl\/maps\/NaX33ajba9RL87CQ6&#8243; link_option_url_new_window=&#8221;on&#8221; global_colors_info=&#8221;{}&#8221;]<\/p>\n<p>Where we are<\/p>\n<p>[\/et_pb_blurb][\/et_pb_column][\/et_pb_row][et_pb_row column_structure=&#8221;1_2,1_2&#8243; use_custom_gutter=&#8221;on&#8221; gutter_width=&#8221;1&#8243; make_equal=&#8221;on&#8221; _builder_version=&#8221;4.18.0&#8243; _module_preset=&#8221;default&#8221; width=&#8221;90%&#8221; custom_padding=&#8221;0px||||false|false&#8221; global_colors_info=&#8221;{}&#8221;][et_pb_column type=&#8221;1_2&#8243; _builder_version=&#8221;4.18.0&#8243; _module_preset=&#8221;default&#8221; global_colors_info=&#8221;{}&#8221;][et_pb_code _builder_version=&#8221;4.18.0&#8243; _module_preset=&#8221;default&#8221; custom_margin=&#8221;||-0.65rem||false|false&#8221; global_colors_info=&#8221;{}&#8221;]<iframe src=\"https:\/\/www.google.com\/maps\/embed?pb=!1m18!1m12!1m3!1d2796.0523057403598!2d9.166755616116811!3d45.509025679101505!2m3!1f0!2f0!3f0!3m2!1i1024!2i768!4f13.1!3m3!1m2!1s0x4786c0ef25f7b6d3%3A0x84be60c83d3deedb!2sAgit%20Di%20Brolo%20Rag.%20Luigi%20%26%20C.%20Sas%20-%20Guarnizioni%20Industriali!5e0!3m2!1sit!2sit!4v1665045939960!5m2!1sit!2sit\" width=\"100%\" height=\"650\" style=\"border:0;\" allowfullscreen=\"\" loading=\"lazy\" referrerpolicy=\"no-referrer-when-downgrade\"><\/iframe>[\/et_pb_code][\/et_pb_column][et_pb_column type=&#8221;1_2&#8243; _builder_version=&#8221;4.18.0&#8243; _module_preset=&#8221;default&#8221; background_color=&#8221;gcid-fe33a0e6-9ccf-4e04-8193-2b56750c3afe&#8221; global_colors_info=&#8221;{%22gcid-fe33a0e6-9ccf-4e04-8193-2b56750c3afe%22:%91%22background_color%22%93}&#8221;][dvppl_cf7_styler form_padding=&#8221;2rem|2rem|2rem|2rem|true|true&#8221; button_alignment=&#8221;center&#8221; cf7=&#8221;12&#8243; form_background_color=&#8221;#FFFFFF&#8221; cr_custom_styles=&#8221;on&#8221; cr_size=&#8221;14px&#8221; _builder_version=&#8221;4.18.0&#8243; _module_preset=&#8221;default&#8221; form_field_font_font_size=&#8221;16px&#8221; placeholder_font_size=&#8221;16px&#8221; background_enable_color=&#8221;off&#8221; custom_submit_button=&#8221;on&#8221; submit_button_bg_color=&#8221;gcid-7780edaf-5e99-4f0e-ae74-aa35cdb2daa8&#8243; submit_button_border_width=&#8221;0px&#8221; submit_button_border_color=&#8221;gcid-7780edaf-5e99-4f0e-ae74-aa35cdb2daa8&#8243; submit_button_custom_padding=&#8221;1rem|2rem|1rem|2rem|true|true&#8221; border_color_all_field=&#8221;RGBA(255,255,255,0)&#8221; global_colors_info=&#8221;{%22gcid-2b323313-4a0f-4fb2-8215-8e8331faf54b%22:%91%22background_color%22%93,%22gcid-7780edaf-5e99-4f0e-ae74-aa35cdb2daa8%22:%91%22submit_button_bg_color%22,%22submit_button_border_color%22%93}&#8221;][\/dvppl_cf7_styler][\/et_pb_column][\/et_pb_row][\/et_pb_section]<\/p>\n","protected":false},"excerpt":{"rendered":"<p>WhatsAppEmailCall usWhere we are<div class=\"et_pb_with_border et_pb_module dvppl_cf7_styler dvppl_cf7_styler_0\">\n\t\t\t\t\n\t\t\t\t\n\t\t\t\t\n\t\t\t\t\n\t\t\t\t\n\t\t\t\t\n\t\t\t\t<div class=\"et_pb_module_inner\">\n\t\t\t\t\t<div class=\"dipe-cf7-container dipe-cf7-button-center\">\n\t\t\t\t\n\t\t\t\t<div class=\"dipe-cf7 dipe-cf7-styler dipe-cf7-cr\">\n\t\t\t\t\t\n<div class=\"wpcf7 no-js\" id=\"wpcf7-f3259-o1\" lang=\"en-US\" dir=\"ltr\">\n<div class=\"screen-reader-response\"><p role=\"status\" aria-live=\"polite\" aria-atomic=\"true\"><\/p> <ul><\/ul><\/div>\n<form action=\"\/en\/wp-json\/wp\/v2\/pages\/3277#wpcf7-f3259-o1\" method=\"post\" class=\"wpcf7-form init\" aria-label=\"Contact form\" novalidate=\"novalidate\" data-status=\"init\">\n<div style=\"display: none;\">\n<input type=\"hidden\" name=\"_wpcf7\" value=\"3259\" \/>\n<input type=\"hidden\" name=\"_wpcf7_version\" value=\"5.7.5.1\" \/>\n<input type=\"hidden\" name=\"_wpcf7_locale\" value=\"en_US\" \/>\n<input type=\"hidden\" name=\"_wpcf7_unit_tag\" value=\"wpcf7-f3259-o1\" \/>\n<input type=\"hidden\" name=\"_wpcf7_container_post\" value=\"0\" \/>\n<input type=\"hidden\" name=\"_wpcf7_posted_data_hash\" value=\"\" \/>\n<\/div>\n<div class=\"riga-flex\"><p><span class=\"wpcf7-form-control-wrap\" data-name=\"your-name\"><input size=\"40\" class=\"wpcf7-form-control wpcf7-text wpcf7-validates-as-required\" aria-required=\"true\" aria-invalid=\"false\" placeholder=\"Name*\" value=\"\" type=\"text\" name=\"your-name\" \/><\/span> <\/p>\n<p><span class=\"wpcf7-form-control-wrap\" data-name=\"your-surname\"><input size=\"40\" class=\"wpcf7-form-control wpcf7-text wpcf7-validates-as-required\" aria-required=\"true\" aria-invalid=\"false\" placeholder=\"Surname*\" value=\"\" type=\"text\" name=\"your-surname\" \/><\/span> <\/p><\/div>\n<div class=\"riga-flex\"><p><span class=\"wpcf7-form-control-wrap\" data-name=\"your-phone\"><input size=\"40\" class=\"wpcf7-form-control wpcf7-text wpcf7-tel wpcf7-validates-as-required wpcf7-validates-as-tel\" aria-required=\"true\" aria-invalid=\"false\" placeholder=\"Phone*\" value=\"\" type=\"tel\" name=\"your-phone\" \/><\/span> <\/p>\n<p><span class=\"wpcf7-form-control-wrap\" data-name=\"your-email\"><input size=\"40\" class=\"wpcf7-form-control wpcf7-text wpcf7-email wpcf7-validates-as-required wpcf7-validates-as-email\" aria-required=\"true\" aria-invalid=\"false\" placeholder=\"E-mail*\" value=\"\" type=\"email\" name=\"your-email\" \/><\/span> <\/p><\/div>\n<p><span class=\"wpcf7-form-control-wrap\" data-name=\"your-message\"><textarea cols=\"40\" rows=\"10\" class=\"wpcf7-form-control wpcf7-textarea\" aria-invalid=\"false\" placeholder=\"Notes\" name=\"your-message\"><\/textarea><\/span> <\/p>\n<div class=\"privacy\">INFORMATIVA \nai sensi degli artt. 13 e 14 del Regolamento Europeo 2016\/679 (GDPR)\n\n1.Titolare del trattamento:\nIl Titolare del trattamento effettuato \u00e8 AGIT SRL DI BROLO RAG. LUIGI & C. (da qui il Titolare, la Societ\u00e0 o Agit) con sede in via privata Carlo Montanari 25 - 20161 Milano (MI). Eventuali richieste di informazioni e\/o chiarimenti circa il trattamento dei dati potranno essere richiesti inviando una mail al seguente indirizzo: info@agit.it\n\n2.Trattamenti effettuati e finalit\u00e0\nAgit desidera informala che i suoi dati anagrafici da Lei spontaneamente conferiti negli specifici form presenti nella homepage del sito internet www.agit.it (nome, indirizzo di posta elettronica) e presso la sezione \u201cContatti\u201d del medesimo sito internet https:\/\/www.agit.it\/contatti\/ (nome, cognome, indirizzo di posta elettronica e recapito telefonico) saranno raccolti e trattati per le seguenti finalit\u00e0:\n\n-Presa in carico della sua richiesta di informazioni;\n-Messa a disposizione  dell\u2019interessato delle informazioni richieste compreso l\u2019eventuale preventivo. \n\nI trattamenti effettuati tramite l\u2019ausilio di strumenti cartacei\/informatici non prevedono l\u2019impiego di processi decisionali automatizzati.\n\n3.Base giuridica del trattamento\nIl trattamento viene lecitamente effettuato in esecuzione delle misure precontrattuali e contrattuali richieste dall\u2019interessato manifestate dalla spontanea compilazione dei rispettivi form presenti sul sito internet dell\u2019Azienda allo scopo di richiedere informazioni sui beni e servizi commercializzati dall\u2019Azienda.  \n\n4.Conferimento dei dati\nIl conferimento dei dati \u00e8 necessario per il raggiungimento delle finalit\u00e0 di cui sopra e la mancata disponibilit\u00e0 degli stessi non permette l'adempimento degli obblighi di cui sopra.\n\n5.Comunicazione dei dati e \nLimitatamente ai dati conferiti spontaneamente nei form questi non saranno oggetto di comunicazione a terzi, potranno tuttavia essere accessibili ai fornitori dell\u2019infrastruttura informatica per eventuali mal funzionamenti.\n\n6.Ambito di diffusione\nI dati non saranno in alcun modo oggetto di diffusione.\n\n7. Trasferimento dei dati al di fuori dello Spazio Economico Europeo\nI dati non sono oggetto di trasferimenti al di fuori dello Spazio Economico Europeo.\n8.Tempo di Conservazione\nI dati saranno conservati per il tempo necessario ad esplicare le finalit\u00e0 sopra riportate nel rispetto dei termini di legge e per un tempo non eccedente un anno.\n\n9.Diritti dell\u2019Interessato\nLe viene riconosciuto e garantito il pieno diritto a: chiedere al Titolare del trattamento l'accesso ai dati personali e la rettifica o la cancellazione degli stessi o la limitazione del trattamento che la riguardano o di opporsi al loro trattamento, oltre al diritto alla portabilit\u00e0 dei dati. Tale diritto pu\u00f2 essere esercitato inviando una mail a  info@agit.it\nInoltre il Titolare interromper\u00e0 il trattamento nel momento in cui pervenga da parte sua la comunicazione di revoca del consenso precedentemente manifestato ove il consenso sia base giuridica del trattamento.\n\n10.Reclamo all\u2019autorit\u00e0 di controllo\nL\u2019interessato ha diritto a proporre reclamo presso l\u2019Autorit\u00e0 di Controllo nel caso in cui le proprie richieste di informazioni rivolte al Titolare non abbiano determinato risposte soddisfacenti.\nL\u2019Autorit\u00e0 di riferimento \u00e8 Il Garante per la Protezione dei dati personali\nhttp:\/\/www.garanteprivacy.it\/web\/guest\/home\/docweb\/-\/docweb-display\/docweb\/4535524<\/div>\n<span class=\"wpcf7-form-control-wrap\" data-name=\"acceptance-638\"><span class=\"wpcf7-form-control wpcf7-acceptance\"><span class=\"wpcf7-list-item\"><label><input type=\"checkbox\" name=\"acceptance-638\" value=\"1\" aria-invalid=\"false\" \/><span class=\"wpcf7-list-item-label\">I've read the <a href=\"http:\/\/www.agit.it\/en\/privacy\" style=\"color: #000\">privacy policy<\/a> conditions<\/span><\/label><\/span><\/span><\/span>\n<p><input class=\"wpcf7-form-control has-spinner wpcf7-submit\" type=\"submit\" value=\"Send Messagge\" \/><\/p><div class=\"wpcf7-response-output\" aria-hidden=\"true\"><\/div>\n<\/form>\n<\/div>\n\n\t\t\t\t<\/div>\n\t\t\t<\/div>\n\t\t\t\t<\/div>\n\t\t\t<\/div><\/p>\n","protected":false},"author":1,"featured_media":0,"parent":0,"menu_order":0,"comment_status":"closed","ping_status":"closed","template":"","meta":{"_et_pb_use_builder":"on","_et_pb_old_content":"","_et_gb_content_width":""},"yoast_head":"<!-- This site is optimized with the Yoast SEO plugin v20.6 - https:\/\/yoast.com\/wordpress\/plugins\/seo\/ -->\n<title>Request an online quote for industrial gaskets | AGIT<\/title>\n<meta name=\"description\" content=\"Contact Agit to order industrial gaskets, felts, undercaps, cork, washers, electrical insulators.\" \/>\n<meta name=\"robots\" content=\"index, follow, max-snippet:-1, max-image-preview:large, max-video-preview:-1\" \/>\n<link rel=\"canonical\" href=\"https:\/\/www.agit.it\/en\/contacts\/\" \/>\n<meta property=\"og:locale\" content=\"en_US\" \/>\n<meta property=\"og:type\" content=\"article\" \/>\n<meta property=\"og:title\" content=\"Request an online quote for industrial gaskets | AGIT\" \/>\n<meta property=\"og:description\" content=\"Contact Agit to order industrial gaskets, felts, undercaps, cork, washers, electrical insulators.\" \/>\n<meta property=\"og:url\" content=\"https:\/\/www.agit.it\/en\/contacts\/\" \/>\n<meta property=\"og:site_name\" content=\"AGIT SRL DI BROLO RAG. LUIGI &amp; C.\" \/>\n<meta property=\"article:modified_time\" content=\"2023-03-03T14:21:26+00:00\" \/>\n<meta name=\"twitter:card\" content=\"summary_large_image\" \/>\n<meta name=\"twitter:label1\" content=\"Est. reading time\" \/>\n\t<meta name=\"twitter:data1\" content=\"1 minute\" \/>\n<!-- \/ Yoast SEO plugin. -->","yoast_head_json":{"title":"Request an online quote for industrial gaskets | AGIT","description":"Contact Agit to order industrial gaskets, felts, undercaps, cork, washers, electrical insulators.","robots":{"index":"index","follow":"follow","max-snippet":"max-snippet:-1","max-image-preview":"max-image-preview:large","max-video-preview":"max-video-preview:-1"},"canonical":"https:\/\/www.agit.it\/en\/contacts\/","og_locale":"en_US","og_type":"article","og_title":"Request an online quote for industrial gaskets | AGIT","og_description":"Contact Agit to order industrial gaskets, felts, undercaps, cork, washers, electrical insulators.","og_url":"https:\/\/www.agit.it\/en\/contacts\/","og_site_name":"AGIT SRL DI BROLO RAG. LUIGI &amp; C.","article_modified_time":"2023-03-03T14:21:26+00:00","twitter_card":"summary_large_image","twitter_misc":{"Est. reading time":"1 minute"},"schema":{"@context":"https:\/\/schema.org","@graph":[{"@type":"WebPage","@id":"https:\/\/www.agit.it\/en\/contacts\/","url":"https:\/\/www.agit.it\/en\/contacts\/","name":"Request an online quote for industrial gaskets | AGIT","isPartOf":{"@id":"https:\/\/www.agit.it\/en\/#website"},"datePublished":"2018-02-08T10:31:37+00:00","dateModified":"2023-03-03T14:21:26+00:00","description":"Contact Agit to order industrial gaskets, felts, undercaps, cork, washers, electrical insulators.","breadcrumb":{"@id":"https:\/\/www.agit.it\/en\/contacts\/#breadcrumb"},"inLanguage":"en-US","potentialAction":[{"@type":"ReadAction","target":["https:\/\/www.agit.it\/en\/contacts\/"]}]},{"@type":"BreadcrumbList","@id":"https:\/\/www.agit.it\/en\/contacts\/#breadcrumb","itemListElement":[{"@type":"ListItem","position":1,"name":"Home","item":"https:\/\/www.agit.it\/en\/"},{"@type":"ListItem","position":2,"name":"Contacts"}]},{"@type":"WebSite","@id":"https:\/\/www.agit.it\/en\/#website","url":"https:\/\/www.agit.it\/en\/","name":"AGIT SRL DI BROLO RAG. LUIGI &amp; C.","description":"","potentialAction":[{"@type":"SearchAction","target":{"@type":"EntryPoint","urlTemplate":"https:\/\/www.agit.it\/en\/?s={search_term_string}"},"query-input":"required name=search_term_string"}],"inLanguage":"en-US"}]}},"_links":{"self":[{"href":"https:\/\/www.agit.it\/en\/wp-json\/wp\/v2\/pages\/3277"}],"collection":[{"href":"https:\/\/www.agit.it\/en\/wp-json\/wp\/v2\/pages"}],"about":[{"href":"https:\/\/www.agit.it\/en\/wp-json\/wp\/v2\/types\/page"}],"author":[{"embeddable":true,"href":"https:\/\/www.agit.it\/en\/wp-json\/wp\/v2\/users\/1"}],"replies":[{"embeddable":true,"href":"https:\/\/www.agit.it\/en\/wp-json\/wp\/v2\/comments?post=3277"}],"version-history":[{"count":5,"href":"https:\/\/www.agit.it\/en\/wp-json\/wp\/v2\/pages\/3277\/revisions"}],"predecessor-version":[{"id":3317,"href":"https:\/\/www.agit.it\/en\/wp-json\/wp\/v2\/pages\/3277\/revisions\/3317"}],"wp:attachment":[{"href":"https:\/\/www.agit.it\/en\/wp-json\/wp\/v2\/media?parent=3277"}],"curies":[{"name":"wp","href":"https:\/\/api.w.org\/{rel}","templated":true}]}}