{"id":3279,"date":"2018-02-08T11:17:37","date_gmt":"2018-02-08T10:17:37","guid":{"rendered":"http:\/\/www.agit.it\/isolanti-elettrici\/"},"modified":"2023-03-03T16:24:36","modified_gmt":"2023-03-03T15:24:36","slug":"electrical-insulators","status":"publish","type":"page","link":"https:\/\/www.agit.it\/en\/electrical-insulators\/","title":{"rendered":"Electrical insulators"},"content":{"rendered":"<p>[et_pb_section fb_built=&#8221;1&#8243; _builder_version=&#8221;4.18.0&#8243; _module_preset=&#8221;default&#8221; custom_padding=&#8221;0px||||false|false&#8221; locked=&#8221;off&#8221; global_colors_info=&#8221;{}&#8221;][et_pb_row _builder_version=&#8221;4.18.0&#8243; _module_preset=&#8221;default&#8221; width=&#8221;100%&#8221; custom_padding=&#8221;0px||||false|false&#8221; global_colors_info=&#8221;{}&#8221;][et_pb_column type=&#8221;4_4&#8243; _builder_version=&#8221;4.18.0&#8243; _module_preset=&#8221;default&#8221; global_colors_info=&#8221;{}&#8221;][et_pb_text _builder_version=&#8221;4.20.0&#8243; background_size=&#8221;initial&#8221; background_position=&#8221;top_left&#8221; background_repeat=&#8221;repeat&#8221; hover_enabled=&#8221;0&#8243; global_colors_info=&#8221;{}&#8221; sticky_enabled=&#8221;0&#8243;]<\/p>\n<p>In the field of electrical insulators, in Milan AGIT produces to specification and project: discs, washers, flat shapes and design parts in special materials for electrical insulation, such as special papers, cardboard and fibres, including vulcanised ones.<\/p>\n<p>These special gaskets in electrical insulating materials are made with shearing, die-cutting, flat cutting and water-jet cutting. The electrical insulators obtained from AGIT are used in the industrial, electromechanical, automotive and electric vehicle sectors, in the construction of measurement and analysis machines and systems and wherever the design needs require the use of materials that guarantee electrical insulation for the safety or functionality of the whole apparatus. With these achievements, AGIT has served the Italian market with competence and professionalism for over 50 years and supplies small and large companies in the most diverse sectors already mentioned.<\/p>\n<p>In the field of electrical insulators, examples of products made by AGIT use impregnated resins, papers and electrical insulating films for high temperatures. Also available in stock for sale are many semi-finished electrical insulating materials of this type.<\/p>\n<p>For a specific request for the production of discs, washers and shapes for electrical insulation, fill in the form on our website and send us your request. You will be contacted by our technical office, which will provide you with details on the manufacturing process and will show you costs and timing.<\/p>\n<p>[\/et_pb_text][\/et_pb_column][\/et_pb_row][\/et_pb_section]<\/p>\n","protected":false},"excerpt":{"rendered":"<p>In the field of electrical insulators, in Milan AGIT produces to specification and project: discs, washers, flat shapes and design parts in special materials for electrical insulation, such as special papers, cardboard and fibres, including vulcanised ones. These special gaskets in electrical insulating materials are made with shearing, die-cutting, flat cutting and water-jet cutting. The [&hellip;]<\/p>\n","protected":false},"author":1,"featured_media":2795,"parent":0,"menu_order":0,"comment_status":"closed","ping_status":"closed","template":"","meta":{"_et_pb_use_builder":"on","_et_pb_old_content":"<div class=\"container\">\r\nNell\u2019ambito degli <strong>isolanti elettrici<\/strong>, a Milano AGIT <strong>produce su specifica e progetto<\/strong>: dischi, rondelle, sagomati piani e parti a disegno in materiali appositi per l\u2019isolamento elettrico, come carte speciali, cartoncini e fibre, anche vulcanizzate.\r\n\r\nQueste <strong>speciali guarnizioni in materiali isolanti elettrici<\/strong> vengono realizzate con tranciatura, fustellatura, taglio piano e taglio ad idrogetto. Gli isolanti elettrici ottenuti da AGIT trovano impiego in ambito industriale, elettromeccanico, nel settore automobilistico e della autotrazione elettrica, nella costruzione di macchine e sistemi di misura ed analisi e laddove le necessit\u00e0 progettuali richiedono l\u2019impiego di materiali che garantiscano l\u2019isolamento elettrico per la sicurezza o la funzionalit\u00e0 stessa dell\u2019intero apparato. Con queste realizzazioni AGIT serve il mercato italiano con competenza e professionalit\u00e0 da oltre 50 anni e fornisce aziende piccole e grandi dei pi\u00f9 diversi settori gi\u00e0 citati.\r\n\r\nNell\u2019ambito degli isolanti elettrici, esempi di prodotto realizzati da AGIT utilizzano resine impregnate, carte e film isolanti elettrici per alte temperature. Disponibili a magazzino per la vendita anche molti <strong>materiali isolanti elettrici semilavorati<\/strong> di questo tipo.\r\n\r\nPer una specifica richiesta di <strong>produzione di dischi<\/strong>, <strong>rondelle<\/strong> e <strong>sagomati<\/strong> per l\u2019<strong>isolamento elettrico<\/strong>, compilate il <a href=\"https:\/\/www.agit.it\/contatti\/\">form<\/a> del nostro sito e inviateci la vostra richiesta. Sarete ricontattati dal nostro ufficio tecnico, che vi fornir\u00e0 i dettagli sul processo di lavorazione e vi illustrer\u00e0 costi e tempistiche.\r\n<\/div>","_et_gb_content_width":""},"yoast_head":"<!-- This site is optimized with the Yoast SEO plugin v20.6 - https:\/\/yoast.com\/wordpress\/plugins\/seo\/ -->\n<title>Special gaskets in electrical insulating materials | AGIT<\/title>\n<meta name=\"description\" content=\"In the field of electrical insulators in Milan, AGIT produces to specification and products in special materials for electrical insulation, such as special papers.\" \/>\n<meta name=\"robots\" content=\"index, follow, max-snippet:-1, max-image-preview:large, max-video-preview:-1\" \/>\n<link rel=\"canonical\" href=\"https:\/\/www.agit.it\/en\/electrical-insulators\/\" \/>\n<meta property=\"og:locale\" content=\"en_US\" \/>\n<meta property=\"og:type\" content=\"article\" \/>\n<meta property=\"og:title\" content=\"Special gaskets in electrical insulating materials | AGIT\" \/>\n<meta property=\"og:description\" content=\"In the field of electrical insulators in Milan, AGIT produces to specification and products in special materials for electrical insulation, such as special papers.\" \/>\n<meta property=\"og:url\" content=\"https:\/\/www.agit.it\/en\/electrical-insulators\/\" \/>\n<meta property=\"og:site_name\" content=\"AGIT SRL DI BROLO RAG. LUIGI &amp; C.\" \/>\n<meta property=\"article:modified_time\" content=\"2023-03-03T15:24:36+00:00\" \/>\n<meta property=\"og:image\" content=\"https:\/\/www.agit.it\/wp-content\/uploads\/2022\/09\/guarnizioni_page.webp\" \/>\n\t<meta property=\"og:image:width\" content=\"740\" \/>\n\t<meta property=\"og:image:height\" content=\"874\" \/>\n\t<meta property=\"og:image:type\" content=\"image\/webp\" \/>\n<meta name=\"twitter:card\" content=\"summary_large_image\" \/>\n<meta name=\"twitter:label1\" content=\"Est. reading time\" \/>\n\t<meta name=\"twitter:data1\" content=\"2 minutes\" \/>\n<!-- \/ Yoast SEO plugin. -->","yoast_head_json":{"title":"Special gaskets in electrical insulating materials | AGIT","description":"In the field of electrical insulators in Milan, AGIT produces to specification and products in special materials for electrical insulation, such as special papers.","robots":{"index":"index","follow":"follow","max-snippet":"max-snippet:-1","max-image-preview":"max-image-preview:large","max-video-preview":"max-video-preview:-1"},"canonical":"https:\/\/www.agit.it\/en\/electrical-insulators\/","og_locale":"en_US","og_type":"article","og_title":"Special gaskets in electrical insulating materials | AGIT","og_description":"In the field of electrical insulators in Milan, AGIT produces to specification and products in special materials for electrical insulation, such as special papers.","og_url":"https:\/\/www.agit.it\/en\/electrical-insulators\/","og_site_name":"AGIT SRL DI BROLO RAG. LUIGI &amp; C.","article_modified_time":"2023-03-03T15:24:36+00:00","og_image":[{"width":740,"height":874,"url":"https:\/\/www.agit.it\/wp-content\/uploads\/2022\/09\/guarnizioni_page.webp","type":"image\/webp"}],"twitter_card":"summary_large_image","twitter_misc":{"Est. reading time":"2 minutes"},"schema":{"@context":"https:\/\/schema.org","@graph":[{"@type":"WebPage","@id":"https:\/\/www.agit.it\/en\/electrical-insulators\/","url":"https:\/\/www.agit.it\/en\/electrical-insulators\/","name":"Special gaskets in electrical insulating materials | AGIT","isPartOf":{"@id":"https:\/\/www.agit.it\/en\/#website"},"datePublished":"2018-02-08T10:17:37+00:00","dateModified":"2023-03-03T15:24:36+00:00","description":"In the field of electrical insulators in Milan, AGIT produces to specification and products in special materials for electrical insulation, such as special papers.","breadcrumb":{"@id":"https:\/\/www.agit.it\/en\/electrical-insulators\/#breadcrumb"},"inLanguage":"en-US","potentialAction":[{"@type":"ReadAction","target":["https:\/\/www.agit.it\/en\/electrical-insulators\/"]}]},{"@type":"BreadcrumbList","@id":"https:\/\/www.agit.it\/en\/electrical-insulators\/#breadcrumb","itemListElement":[{"@type":"ListItem","position":1,"name":"Home","item":"https:\/\/www.agit.it\/en\/"},{"@type":"ListItem","position":2,"name":"Electrical insulators"}]},{"@type":"WebSite","@id":"https:\/\/www.agit.it\/en\/#website","url":"https:\/\/www.agit.it\/en\/","name":"AGIT SRL DI BROLO RAG. LUIGI &amp; C.","description":"","potentialAction":[{"@type":"SearchAction","target":{"@type":"EntryPoint","urlTemplate":"https:\/\/www.agit.it\/en\/?s={search_term_string}"},"query-input":"required name=search_term_string"}],"inLanguage":"en-US"}]}},"_links":{"self":[{"href":"https:\/\/www.agit.it\/en\/wp-json\/wp\/v2\/pages\/3279"}],"collection":[{"href":"https:\/\/www.agit.it\/en\/wp-json\/wp\/v2\/pages"}],"about":[{"href":"https:\/\/www.agit.it\/en\/wp-json\/wp\/v2\/types\/page"}],"author":[{"embeddable":true,"href":"https:\/\/www.agit.it\/en\/wp-json\/wp\/v2\/users\/1"}],"replies":[{"embeddable":true,"href":"https:\/\/www.agit.it\/en\/wp-json\/wp\/v2\/comments?post=3279"}],"version-history":[{"count":3,"href":"https:\/\/www.agit.it\/en\/wp-json\/wp\/v2\/pages\/3279\/revisions"}],"predecessor-version":[{"id":3359,"href":"https:\/\/www.agit.it\/en\/wp-json\/wp\/v2\/pages\/3279\/revisions\/3359"}],"wp:featuredmedia":[{"embeddable":true,"href":"https:\/\/www.agit.it\/en\/wp-json\/wp\/v2\/media\/2795"}],"wp:attachment":[{"href":"https:\/\/www.agit.it\/en\/wp-json\/wp\/v2\/media?parent=3279"}],"curies":[{"name":"wp","href":"https:\/\/api.w.org\/{rel}","templated":true}]}}